{"id":1010,"date":"2023-07-28T12:12:05","date_gmt":"2023-07-28T10:12:05","guid":{"rendered":"https:\/\/cgpro.org\/privacy-policy\/"},"modified":"2024-05-23T18:24:35","modified_gmt":"2024-05-23T16:24:35","slug":"privacy-policy","status":"publish","type":"page","link":"https:\/\/cgpro.org\/en\/privacy-policy\/","title":{"rendered":"Privacy policy"},"content":{"rendered":"\n<p>The purpose of this privacy policy is to explain why we collect your data and how we are committed to protecting it.<\/p>\n\n<p>The Chambre des G\u00e9n\u00e9alogistes Professionnels is committed to protecting your personal data and privacy.<\/p>\n\n<p>In this respect, and in accordance with the General Data Protection Regulation (hereinafter referred to as the &#8220;GDPR&#8221;), we hereby inform you of the conditions under which your personal data will be processed by us.<\/p>\n\n<h2 class=\"wp-block-heading has-2-xl-font-size\"><strong>Who we are<\/strong><\/h2>\n\n<p>Our website address is: https:\/\/cgpro.org.<\/p>\n\n<h2 class=\"wp-block-heading has-2-xl-font-size\"><strong>Contact form<\/strong><\/h2>\n\n<p>We collect and store your personal data when you contact us via the contact form: your first and last name, your e-mail address and your telephone number. This data is used to process and reply to your messages. Under no circumstances will they be transferred or sold to a third party.<\/p>\n\n<h2 class=\"wp-block-heading has-2-xl-font-size\"><strong>Comments<\/strong><\/h2>\n\n<p>When you leave a comment on our site, the data entered in the comment form, as well as your IP address and your browser&#8217;s user agent, are collected to help us detect undesirable comments.<\/p>\n\n<p>An anonymized string created from your e-mail address (also known as a hash) can be sent to the Gravatar service to check whether you&#8217;re using it. The Gravatar privacy policy is available here: https:\/\/automattic.com\/privacy\/. Once your comment has been validated, your profile photo will be publicly visible next to your comment.<\/p>\n\n<h2 class=\"wp-block-heading has-2-xl-font-size\"><strong>Media<\/strong><\/h2>\n\n<p>If you upload images to the site, we advise you to avoid uploading images containing EXIF data of GPS coordinates. People visiting your site can download and extract location data from these images.<\/p>\n\n<h2 class=\"wp-block-heading has-2-xl-font-size\"><strong>Cookies<\/strong><\/h2>\n\n<p>Our site uses cookies. Please consult our <a href=\"https:\/\/cgpro.org\/en\/cookie-policy\/\">Cookie Policy<\/a>.<\/p>\n\n<h2 class=\"wp-block-heading has-2-xl-font-size\"><strong>Embedded content from other sites<\/strong><\/h2>\n\n<p>Articles on this site may include embedded content (e.g. videos, images, articles, etc.). Content integrated from other sites behaves in the same way as if the visitor were visiting that other site.<\/p>\n\n<p>These websites may collect data about you, use cookies, embed third-party tracking tools, track your interactions with these embedded contents if you have a logged-in account on their website.<\/p>\n\n<h2 class=\"wp-block-heading has-2-xl-font-size\"><strong>Use and transmission of your personal data<\/strong><\/h2>\n\n<p>If you request a password reset, your IP address will be included in the reset e-mail.<\/p>\n\n<h2 class=\"wp-block-heading has-2-xl-font-size\"><strong>Data storage periods<\/strong><\/h2>\n\n<p>If you leave a comment, the comment and its metadata are kept indefinitely. This allows subsequent comments to be automatically recognized and approved instead of being left in the moderation queue.<\/p>\n\n<p>For accounts that register on our site (where applicable), we also store the personal data indicated in their profile. All accounts can view, modify or delete their personal information at any time (with the exception of their login). Site managers can also view and modify this information.<\/p>\n\n<h2 class=\"wp-block-heading has-2-xl-font-size\"><strong>The rights you have over your data<\/strong><\/h2>\n\n<p>In accordance with Applicable Regulations, you have the following rights:<\/p>\n\n<p><strong>A right of rectification<\/strong>: you have the right to obtain the rectification of inaccurate data concerning you. You also have the right to complete any incomplete data concerning you, by providing a supplementary declaration. Should you exercise this right, we undertake to communicate any rectification to all recipients of your data,<br\/><strong>A right to erasure <\/strong>: in certain cases, you have the right to have your data erased. However, this is not an absolute right and we may for legal or legitimate reasons retain this data.<br\/><strong>The right to restrict processing<\/strong>: in certain cases, you have the right to restrict the processing of your data,<br\/><strong>A right to data portability<\/strong>: you have the right to receive the data you have provided to us, in a structured, commonly used and machine-readable format, for your personal use or to pass it on to a third party of your choice. This right only applies when the processing of your data is based on your consent, on a contract or is carried out by automated means,<br\/><strong>A right to object to processing<\/strong>: you have the right to object at any time to the processing of your data for processing based on our legitimate interests, a mission of public interest and those for commercial prospecting purposes. This is not an absolute right and we may refuse your request for legal or legitimate reasons,<br\/><strong>The right to withdraw your consent at any<\/strong> time: you can withdraw your consent to the processing of your data when the processing is based on your consent. Withdrawal of consent does not compromise the lawfulness of processing based on consent carried out prior to such withdrawal,<br\/><strong>The right to lodge a complaint with a supervisory authority<\/strong>: you have the right to contact your data protection authority to complain about our personal data protection practices,<\/p>\n\n<p>Pursuant to the RGPD, the conditions for exercising these rights may vary depending on the basis of lawfulness of the processing mentioned in the first paragraph.<br\/>We will respond to any exercise of rights as quickly as possible and in any event within 30 days of receipt of the request.<\/p>\n\n<p>We reserve the right :<\/p>\n\n<ul class=\"wp-block-list\">\n<li>To request proof of the applicant&#8217;s identity in the event of reasonable doubt, in order to respect its obligation of confidentiality,<\/li>\n\n\n\n<li>Extend the response time by two months, informing the applicant of the extension and the reasons for the postponement within one month of receipt of the request,<\/li>\n\n\n\n<li>Refuse to respond to any exercise of rights considered abusive (in view of their number, repetitive or systematic nature).<\/li>\n<\/ul>\n\n<h2 class=\"wp-block-heading has-2-xl-font-size\"><strong>Where your data is sent<\/strong><\/h2>\n\n<p>Visitor comments can be checked using an automated spam detection service.<\/p>\n\n<h2 class=\"wp-block-heading has-2-xl-font-size\"><strong>Who to contact for all RGPD-related queries?<\/strong><\/h2>\n\n<p>To exercise your rights, please contact us:<\/p>\n\n<p>Chamber of Professional Genealogists<br\/>55 Avenue Marceau<br\/>75116 Paris<br\/>E-mail: contact@cgpro.org<br\/>Telephone number: 01 46 94 68 31<\/p>\n\n<p>If, despite our efforts and commitments, you feel that your rights concerning your personal data have not been respected, you may submit a complaint to the Commission Nationale Informatique et Libert\u00e9s: CNIL 3 Place de Fontenoy TSA 80715 75334 Paris Cedex 07.<\/p>\n","protected":false},"excerpt":{"rendered":"<p>The purpose of this privacy policy is to explain why we collect your data and how we are committed to protecting it. The Chambre des G\u00e9n\u00e9alogistes Professionnels is committed to protecting your personal data and privacy. In this respect, and in accordance with the General Data Protection Regulation (hereinafter referred to as the &#8220;GDPR&#8221;), we&hellip;<\/p>\n","protected":false},"author":1,"featured_media":0,"parent":0,"menu_order":0,"comment_status":"closed","ping_status":"open","template":"","meta":{"_acf_changed":false,"inline_featured_image":false,"footnotes":""},"class_list":["post-1010","page","type-page","status-publish","hentry"],"acf":[],"yoast_head":"<!-- This site is optimized with the Yoast SEO plugin v27.3 - https:\/\/yoast.com\/product\/yoast-seo-wordpress\/ -->\n<title>Privacy policy - Chamber of Professional Genealogists<\/title>\n<meta name=\"robots\" content=\"index, nofollow, max-snippet:-1, max-image-preview:large, max-video-preview:-1\" \/>\n<link rel=\"canonical\" href=\"https:\/\/cgpro.org\/en\/privacy-policy\/\" \/>\n<meta property=\"og:locale\" content=\"en_US\" \/>\n<meta property=\"og:type\" content=\"article\" \/>\n<meta property=\"og:title\" content=\"Privacy policy - Chamber of Professional Genealogists\" \/>\n<meta property=\"og:description\" content=\"The purpose of this privacy policy is to explain why we collect your data and how we are committed to protecting it. The Chambre des G\u00e9n\u00e9alogistes Professionnels is committed to protecting your personal data and privacy. In this respect, and in accordance with the General Data Protection Regulation (hereinafter referred to as the &#8220;GDPR&#8221;), we&hellip;\" \/>\n<meta property=\"og:url\" content=\"https:\/\/cgpro.org\/en\/privacy-policy\/\" \/>\n<meta property=\"og:site_name\" content=\"Chamber of Professional Genealogists\" \/>\n<meta property=\"article:publisher\" content=\"https:\/\/www.facebook.com\/ChambreDesGenealogistesProfessionnels\" \/>\n<meta property=\"article:modified_time\" content=\"2024-05-23T16:24:35+00:00\" \/>\n<meta name=\"twitter:card\" content=\"summary_large_image\" \/>\n<meta name=\"twitter:site\" content=\"@ChambreGenea\" \/>\n<meta name=\"twitter:label1\" content=\"Est. reading time\" \/>\n\t<meta name=\"twitter:data1\" content=\"5 minutes\" \/>\n<script type=\"application\/ld+json\" class=\"yoast-schema-graph\">{\"@context\":\"https:\\\/\\\/schema.org\",\"@graph\":[{\"@type\":\"WebPage\",\"@id\":\"https:\\\/\\\/cgpro.org\\\/en\\\/privacy-policy\\\/\",\"url\":\"https:\\\/\\\/cgpro.org\\\/en\\\/privacy-policy\\\/\",\"name\":\"Privacy policy - Chamber of Professional Genealogists\",\"isPartOf\":{\"@id\":\"https:\\\/\\\/cgpro.org\\\/en\\\/#website\"},\"datePublished\":\"2023-07-28T10:12:05+00:00\",\"dateModified\":\"2024-05-23T16:24:35+00:00\",\"breadcrumb\":{\"@id\":\"https:\\\/\\\/cgpro.org\\\/en\\\/privacy-policy\\\/#breadcrumb\"},\"inLanguage\":\"en-US\",\"potentialAction\":[{\"@type\":\"ReadAction\",\"target\":[\"https:\\\/\\\/cgpro.org\\\/en\\\/privacy-policy\\\/\"]}]},{\"@type\":\"BreadcrumbList\",\"@id\":\"https:\\\/\\\/cgpro.org\\\/en\\\/privacy-policy\\\/#breadcrumb\",\"itemListElement\":[{\"@type\":\"ListItem\",\"position\":1,\"name\":\"Chambre des G\u00e9n\u00e9alogistes Professionnels - Accueil\",\"item\":\"https:\\\/\\\/cgpro.org\\\/en\\\/\"},{\"@type\":\"ListItem\",\"position\":2,\"name\":\"Privacy policy\"}]},{\"@type\":\"WebSite\",\"@id\":\"https:\\\/\\\/cgpro.org\\\/en\\\/#website\",\"url\":\"https:\\\/\\\/cgpro.org\\\/en\\\/\",\"name\":\"Chamber of Professional Genealogists\",\"description\":\"Premier regroupement de g\u00e9n\u00e9alogistes europ\u00e9ens\",\"publisher\":{\"@id\":\"https:\\\/\\\/cgpro.org\\\/en\\\/#organization\"},\"alternateName\":\"CGP\",\"potentialAction\":[{\"@type\":\"SearchAction\",\"target\":{\"@type\":\"EntryPoint\",\"urlTemplate\":\"https:\\\/\\\/cgpro.org\\\/en\\\/?s={search_term_string}\"},\"query-input\":{\"@type\":\"PropertyValueSpecification\",\"valueRequired\":true,\"valueName\":\"search_term_string\"}}],\"inLanguage\":\"en-US\"},{\"@type\":\"Organization\",\"@id\":\"https:\\\/\\\/cgpro.org\\\/en\\\/#organization\",\"name\":\"Chambre des G\u00e9n\u00e9alogistes Professionnels\",\"alternateName\":\"CGP\",\"url\":\"https:\\\/\\\/cgpro.org\\\/en\\\/\",\"logo\":{\"@type\":\"ImageObject\",\"inLanguage\":\"en-US\",\"@id\":\"https:\\\/\\\/cgpro.org\\\/en\\\/#\\\/schema\\\/logo\\\/image\\\/\",\"url\":\"https:\\\/\\\/cgpro.org\\\/app\\\/uploads\\\/2023\\\/11\\\/logo-cgp.svg\",\"contentUrl\":\"https:\\\/\\\/cgpro.org\\\/app\\\/uploads\\\/2023\\\/11\\\/logo-cgp.svg\",\"caption\":\"Chambre des G\u00e9n\u00e9alogistes Professionnels\"},\"image\":{\"@id\":\"https:\\\/\\\/cgpro.org\\\/en\\\/#\\\/schema\\\/logo\\\/image\\\/\"},\"sameAs\":[\"https:\\\/\\\/www.facebook.com\\\/ChambreDesGenealogistesProfessionnels\",\"https:\\\/\\\/x.com\\\/ChambreGenea\"]}]}<\/script>\n<!-- \/ Yoast SEO plugin. -->","yoast_head_json":{"title":"Privacy policy - Chamber of Professional Genealogists","robots":{"index":"index","follow":"nofollow","max-snippet":"max-snippet:-1","max-image-preview":"max-image-preview:large","max-video-preview":"max-video-preview:-1"},"canonical":"https:\/\/cgpro.org\/en\/privacy-policy\/","og_locale":"en_US","og_type":"article","og_title":"Privacy policy - Chamber of Professional Genealogists","og_description":"The purpose of this privacy policy is to explain why we collect your data and how we are committed to protecting it. The Chambre des G\u00e9n\u00e9alogistes Professionnels is committed to protecting your personal data and privacy. In this respect, and in accordance with the General Data Protection Regulation (hereinafter referred to as the &#8220;GDPR&#8221;), we&hellip;","og_url":"https:\/\/cgpro.org\/en\/privacy-policy\/","og_site_name":"Chamber of Professional Genealogists","article_publisher":"https:\/\/www.facebook.com\/ChambreDesGenealogistesProfessionnels","article_modified_time":"2024-05-23T16:24:35+00:00","twitter_card":"summary_large_image","twitter_site":"@ChambreGenea","twitter_misc":{"Est. reading time":"5 minutes"},"schema":{"@context":"https:\/\/schema.org","@graph":[{"@type":"WebPage","@id":"https:\/\/cgpro.org\/en\/privacy-policy\/","url":"https:\/\/cgpro.org\/en\/privacy-policy\/","name":"Privacy policy - Chamber of Professional Genealogists","isPartOf":{"@id":"https:\/\/cgpro.org\/en\/#website"},"datePublished":"2023-07-28T10:12:05+00:00","dateModified":"2024-05-23T16:24:35+00:00","breadcrumb":{"@id":"https:\/\/cgpro.org\/en\/privacy-policy\/#breadcrumb"},"inLanguage":"en-US","potentialAction":[{"@type":"ReadAction","target":["https:\/\/cgpro.org\/en\/privacy-policy\/"]}]},{"@type":"BreadcrumbList","@id":"https:\/\/cgpro.org\/en\/privacy-policy\/#breadcrumb","itemListElement":[{"@type":"ListItem","position":1,"name":"Chambre des G\u00e9n\u00e9alogistes Professionnels - Accueil","item":"https:\/\/cgpro.org\/en\/"},{"@type":"ListItem","position":2,"name":"Privacy policy"}]},{"@type":"WebSite","@id":"https:\/\/cgpro.org\/en\/#website","url":"https:\/\/cgpro.org\/en\/","name":"Chamber of Professional Genealogists","description":"Premier regroupement de g\u00e9n\u00e9alogistes europ\u00e9ens","publisher":{"@id":"https:\/\/cgpro.org\/en\/#organization"},"alternateName":"CGP","potentialAction":[{"@type":"SearchAction","target":{"@type":"EntryPoint","urlTemplate":"https:\/\/cgpro.org\/en\/?s={search_term_string}"},"query-input":{"@type":"PropertyValueSpecification","valueRequired":true,"valueName":"search_term_string"}}],"inLanguage":"en-US"},{"@type":"Organization","@id":"https:\/\/cgpro.org\/en\/#organization","name":"Chambre des G\u00e9n\u00e9alogistes Professionnels","alternateName":"CGP","url":"https:\/\/cgpro.org\/en\/","logo":{"@type":"ImageObject","inLanguage":"en-US","@id":"https:\/\/cgpro.org\/en\/#\/schema\/logo\/image\/","url":"https:\/\/cgpro.org\/app\/uploads\/2023\/11\/logo-cgp.svg","contentUrl":"https:\/\/cgpro.org\/app\/uploads\/2023\/11\/logo-cgp.svg","caption":"Chambre des G\u00e9n\u00e9alogistes Professionnels"},"image":{"@id":"https:\/\/cgpro.org\/en\/#\/schema\/logo\/image\/"},"sameAs":["https:\/\/www.facebook.com\/ChambreDesGenealogistesProfessionnels","https:\/\/x.com\/ChambreGenea"]}]}},"_links":{"self":[{"href":"https:\/\/cgpro.org\/en\/wp-json\/wp\/v2\/pages\/1010","targetHints":{"allow":["GET"]}}],"collection":[{"href":"https:\/\/cgpro.org\/en\/wp-json\/wp\/v2\/pages"}],"about":[{"href":"https:\/\/cgpro.org\/en\/wp-json\/wp\/v2\/types\/page"}],"author":[{"embeddable":true,"href":"https:\/\/cgpro.org\/en\/wp-json\/wp\/v2\/users\/1"}],"replies":[{"embeddable":true,"href":"https:\/\/cgpro.org\/en\/wp-json\/wp\/v2\/comments?post=1010"}],"version-history":[{"count":1,"href":"https:\/\/cgpro.org\/en\/wp-json\/wp\/v2\/pages\/1010\/revisions"}],"predecessor-version":[{"id":1013,"href":"https:\/\/cgpro.org\/en\/wp-json\/wp\/v2\/pages\/1010\/revisions\/1013"}],"wp:attachment":[{"href":"https:\/\/cgpro.org\/en\/wp-json\/wp\/v2\/media?parent=1010"}],"curies":[{"name":"wp","href":"https:\/\/api.w.org\/{rel}","templated":true}]}}