{"id":831,"date":"2023-11-02T16:35:07","date_gmt":"2023-11-02T15:35:07","guid":{"rendered":"https:\/\/cgpro.org\/presentation\/"},"modified":"2024-01-08T21:05:44","modified_gmt":"2024-01-08T20:05:44","slug":"presentation","status":"publish","type":"page","link":"https:\/\/cgpro.org\/en\/presentation\/","title":{"rendered":"Presentation"},"content":{"rendered":"\n<p>The <strong>Chambre des G\u00e9n\u00e9alogistes Professionnels (CGP)<\/strong> was created in January 1997 to bring together family and probate genealogists under a single umbrella.<\/p>\n\n<p>Our network of probate, land and family genealogists, historians, paleographers, etc., currently comprises forty offices of varying sizes, in France and abroad, enabling us to respond to requests throughout France and in many foreign countries, and to offer a complete and varied range of services. Don&#8217;t hesitate to contact us if you have any questions, we&#8217;ll be happy to answer them.<\/p>\n\n<p>As a founding member of <a href=\"http:\/\/www.usgp.fr\/\">G\u00e9n\u00e9alogistes de France<\/a> (GF) <em>, formerly the Union des Syndicats de G\u00e9n\u00e9alogistes Professionnels (USGP)<\/em>, <strong>CGP<\/strong> is committed to <a href=\"https:\/\/cgpro.org\/annuaire\/genealogistes-familiaux?id=27\" target=\"_blank\" rel=\"noreferrer noopener\">professional ethics<\/a> and the quality of services provided by its members.<\/p>\n\n<p>Through its constant exchanges with government departments (archives, courts, tax authorities, etc.) and legal professionals (notaries, lawyers, administrators, etc.), the CGP contributes to improving the conditions under which the profession is practiced, and thus to customer satisfaction and that of amateur researchers.<\/p>\n\n<p>The <strong>CGP<\/strong> also seeks to create and strengthen bonds of solidarity between professionals. Regular participation in numerous trade fairs and conferences, as well as our website and <a href=\"https:\/\/www.facebook.com\/ChambreDesGenealogistesProfessionnels\" target=\"_blank\" rel=\"noreferrer noopener\">Facebook page<\/a>, all contribute to raising public awareness of the probate and family genealogy professions.<\/p>\n","protected":false},"excerpt":{"rendered":"<p>The Chambre des G\u00e9n\u00e9alogistes Professionnels (CGP) was created in January 1997 to bring together family and probate genealogists under a single umbrella. Our network of probate, land and family genealogists, historians, paleographers, etc., currently comprises forty offices of varying sizes, in France and abroad, enabling us to respond to requests throughout France and in many&hellip;<\/p>\n","protected":false},"author":1,"featured_media":0,"parent":0,"menu_order":0,"comment_status":"closed","ping_status":"closed","template":"","meta":{"_acf_changed":false,"inline_featured_image":false,"footnotes":""},"class_list":["post-831","page","type-page","status-publish","hentry"],"acf":[],"yoast_head":"<!-- This site is optimized with the Yoast SEO plugin v27.3 - https:\/\/yoast.com\/product\/yoast-seo-wordpress\/ -->\n<title>Presentation - Chamber of Professional Genealogists<\/title>\n<meta name=\"description\" content=\"The Chambre des G\u00e9n\u00e9alogistes Professionnels brings together family and probate genealogists under one roof.\" \/>\n<meta name=\"robots\" content=\"index, follow, max-snippet:-1, max-image-preview:large, max-video-preview:-1\" \/>\n<link rel=\"canonical\" href=\"https:\/\/cgpro.org\/en\/presentation\/\" \/>\n<meta property=\"og:locale\" content=\"en_US\" \/>\n<meta property=\"og:type\" content=\"article\" \/>\n<meta property=\"og:title\" content=\"Presentation - Chamber of Professional Genealogists\" \/>\n<meta property=\"og:description\" content=\"The Chambre des G\u00e9n\u00e9alogistes Professionnels brings together family and probate genealogists under one roof.\" \/>\n<meta property=\"og:url\" content=\"https:\/\/cgpro.org\/en\/presentation\/\" \/>\n<meta property=\"og:site_name\" content=\"Chamber of Professional Genealogists\" \/>\n<meta property=\"article:publisher\" content=\"https:\/\/www.facebook.com\/ChambreDesGenealogistesProfessionnels\" \/>\n<meta property=\"article:modified_time\" content=\"2024-01-08T20:05:44+00:00\" \/>\n<meta name=\"twitter:card\" content=\"summary_large_image\" \/>\n<meta name=\"twitter:site\" content=\"@ChambreGenea\" \/>\n<meta name=\"twitter:label1\" content=\"Est. reading time\" \/>\n\t<meta name=\"twitter:data1\" content=\"1 minute\" \/>\n<script type=\"application\/ld+json\" class=\"yoast-schema-graph\">{\"@context\":\"https:\\\/\\\/schema.org\",\"@graph\":[{\"@type\":\"WebPage\",\"@id\":\"https:\\\/\\\/cgpro.org\\\/en\\\/presentation\\\/\",\"url\":\"https:\\\/\\\/cgpro.org\\\/en\\\/presentation\\\/\",\"name\":\"Presentation - Chamber of Professional Genealogists\",\"isPartOf\":{\"@id\":\"https:\\\/\\\/cgpro.org\\\/en\\\/#website\"},\"datePublished\":\"2023-11-02T15:35:07+00:00\",\"dateModified\":\"2024-01-08T20:05:44+00:00\",\"description\":\"The Chambre des G\u00e9n\u00e9alogistes Professionnels brings together family and probate genealogists under one roof.\",\"breadcrumb\":{\"@id\":\"https:\\\/\\\/cgpro.org\\\/en\\\/presentation\\\/#breadcrumb\"},\"inLanguage\":\"en-US\",\"potentialAction\":[{\"@type\":\"ReadAction\",\"target\":[\"https:\\\/\\\/cgpro.org\\\/en\\\/presentation\\\/\"]}]},{\"@type\":\"BreadcrumbList\",\"@id\":\"https:\\\/\\\/cgpro.org\\\/en\\\/presentation\\\/#breadcrumb\",\"itemListElement\":[{\"@type\":\"ListItem\",\"position\":1,\"name\":\"Chambre des G\u00e9n\u00e9alogistes Professionnels - Accueil\",\"item\":\"https:\\\/\\\/cgpro.org\\\/en\\\/\"},{\"@type\":\"ListItem\",\"position\":2,\"name\":\"Presentation\"}]},{\"@type\":\"WebSite\",\"@id\":\"https:\\\/\\\/cgpro.org\\\/en\\\/#website\",\"url\":\"https:\\\/\\\/cgpro.org\\\/en\\\/\",\"name\":\"Chamber of Professional Genealogists\",\"description\":\"Premier regroupement de g\u00e9n\u00e9alogistes europ\u00e9ens\",\"publisher\":{\"@id\":\"https:\\\/\\\/cgpro.org\\\/en\\\/#organization\"},\"alternateName\":\"CGP\",\"potentialAction\":[{\"@type\":\"SearchAction\",\"target\":{\"@type\":\"EntryPoint\",\"urlTemplate\":\"https:\\\/\\\/cgpro.org\\\/en\\\/?s={search_term_string}\"},\"query-input\":{\"@type\":\"PropertyValueSpecification\",\"valueRequired\":true,\"valueName\":\"search_term_string\"}}],\"inLanguage\":\"en-US\"},{\"@type\":\"Organization\",\"@id\":\"https:\\\/\\\/cgpro.org\\\/en\\\/#organization\",\"name\":\"Chambre des G\u00e9n\u00e9alogistes Professionnels\",\"alternateName\":\"CGP\",\"url\":\"https:\\\/\\\/cgpro.org\\\/en\\\/\",\"logo\":{\"@type\":\"ImageObject\",\"inLanguage\":\"en-US\",\"@id\":\"https:\\\/\\\/cgpro.org\\\/en\\\/#\\\/schema\\\/logo\\\/image\\\/\",\"url\":\"https:\\\/\\\/cgpro.org\\\/app\\\/uploads\\\/2023\\\/11\\\/logo-cgp.svg\",\"contentUrl\":\"https:\\\/\\\/cgpro.org\\\/app\\\/uploads\\\/2023\\\/11\\\/logo-cgp.svg\",\"caption\":\"Chambre des G\u00e9n\u00e9alogistes Professionnels\"},\"image\":{\"@id\":\"https:\\\/\\\/cgpro.org\\\/en\\\/#\\\/schema\\\/logo\\\/image\\\/\"},\"sameAs\":[\"https:\\\/\\\/www.facebook.com\\\/ChambreDesGenealogistesProfessionnels\",\"https:\\\/\\\/x.com\\\/ChambreGenea\"]}]}<\/script>\n<!-- \/ Yoast SEO plugin. -->","yoast_head_json":{"title":"Presentation - Chamber of Professional Genealogists","description":"The Chambre des G\u00e9n\u00e9alogistes Professionnels brings together family and probate genealogists under one roof.","robots":{"index":"index","follow":"follow","max-snippet":"max-snippet:-1","max-image-preview":"max-image-preview:large","max-video-preview":"max-video-preview:-1"},"canonical":"https:\/\/cgpro.org\/en\/presentation\/","og_locale":"en_US","og_type":"article","og_title":"Presentation - Chamber of Professional Genealogists","og_description":"The Chambre des G\u00e9n\u00e9alogistes Professionnels brings together family and probate genealogists under one roof.","og_url":"https:\/\/cgpro.org\/en\/presentation\/","og_site_name":"Chamber of Professional Genealogists","article_publisher":"https:\/\/www.facebook.com\/ChambreDesGenealogistesProfessionnels","article_modified_time":"2024-01-08T20:05:44+00:00","twitter_card":"summary_large_image","twitter_site":"@ChambreGenea","twitter_misc":{"Est. reading time":"1 minute"},"schema":{"@context":"https:\/\/schema.org","@graph":[{"@type":"WebPage","@id":"https:\/\/cgpro.org\/en\/presentation\/","url":"https:\/\/cgpro.org\/en\/presentation\/","name":"Presentation - Chamber of Professional Genealogists","isPartOf":{"@id":"https:\/\/cgpro.org\/en\/#website"},"datePublished":"2023-11-02T15:35:07+00:00","dateModified":"2024-01-08T20:05:44+00:00","description":"The Chambre des G\u00e9n\u00e9alogistes Professionnels brings together family and probate genealogists under one roof.","breadcrumb":{"@id":"https:\/\/cgpro.org\/en\/presentation\/#breadcrumb"},"inLanguage":"en-US","potentialAction":[{"@type":"ReadAction","target":["https:\/\/cgpro.org\/en\/presentation\/"]}]},{"@type":"BreadcrumbList","@id":"https:\/\/cgpro.org\/en\/presentation\/#breadcrumb","itemListElement":[{"@type":"ListItem","position":1,"name":"Chambre des G\u00e9n\u00e9alogistes Professionnels - Accueil","item":"https:\/\/cgpro.org\/en\/"},{"@type":"ListItem","position":2,"name":"Presentation"}]},{"@type":"WebSite","@id":"https:\/\/cgpro.org\/en\/#website","url":"https:\/\/cgpro.org\/en\/","name":"Chamber of Professional Genealogists","description":"Premier regroupement de g\u00e9n\u00e9alogistes europ\u00e9ens","publisher":{"@id":"https:\/\/cgpro.org\/en\/#organization"},"alternateName":"CGP","potentialAction":[{"@type":"SearchAction","target":{"@type":"EntryPoint","urlTemplate":"https:\/\/cgpro.org\/en\/?s={search_term_string}"},"query-input":{"@type":"PropertyValueSpecification","valueRequired":true,"valueName":"search_term_string"}}],"inLanguage":"en-US"},{"@type":"Organization","@id":"https:\/\/cgpro.org\/en\/#organization","name":"Chambre des G\u00e9n\u00e9alogistes Professionnels","alternateName":"CGP","url":"https:\/\/cgpro.org\/en\/","logo":{"@type":"ImageObject","inLanguage":"en-US","@id":"https:\/\/cgpro.org\/en\/#\/schema\/logo\/image\/","url":"https:\/\/cgpro.org\/app\/uploads\/2023\/11\/logo-cgp.svg","contentUrl":"https:\/\/cgpro.org\/app\/uploads\/2023\/11\/logo-cgp.svg","caption":"Chambre des G\u00e9n\u00e9alogistes Professionnels"},"image":{"@id":"https:\/\/cgpro.org\/en\/#\/schema\/logo\/image\/"},"sameAs":["https:\/\/www.facebook.com\/ChambreDesGenealogistesProfessionnels","https:\/\/x.com\/ChambreGenea"]}]}},"_links":{"self":[{"href":"https:\/\/cgpro.org\/en\/wp-json\/wp\/v2\/pages\/831","targetHints":{"allow":["GET"]}}],"collection":[{"href":"https:\/\/cgpro.org\/en\/wp-json\/wp\/v2\/pages"}],"about":[{"href":"https:\/\/cgpro.org\/en\/wp-json\/wp\/v2\/types\/page"}],"author":[{"embeddable":true,"href":"https:\/\/cgpro.org\/en\/wp-json\/wp\/v2\/users\/1"}],"replies":[{"embeddable":true,"href":"https:\/\/cgpro.org\/en\/wp-json\/wp\/v2\/comments?post=831"}],"version-history":[{"count":1,"href":"https:\/\/cgpro.org\/en\/wp-json\/wp\/v2\/pages\/831\/revisions"}],"predecessor-version":[{"id":833,"href":"https:\/\/cgpro.org\/en\/wp-json\/wp\/v2\/pages\/831\/revisions\/833"}],"wp:attachment":[{"href":"https:\/\/cgpro.org\/en\/wp-json\/wp\/v2\/media?parent=831"}],"curies":[{"name":"wp","href":"https:\/\/api.w.org\/{rel}","templated":true}]}}