{"id":832,"date":"2023-11-10T15:28:28","date_gmt":"2023-11-10T14:28:28","guid":{"rendered":"https:\/\/cgpro.org\/training\/"},"modified":"2024-01-08T21:05:47","modified_gmt":"2024-01-08T20:05:47","slug":"training","status":"publish","type":"page","link":"https:\/\/cgpro.org\/en\/training\/","title":{"rendered":"Training"},"content":{"rendered":"\n<h2 class=\"wp-block-heading has-2-xl-font-size\" style=\"padding-bottom:var(--wp--preset--spacing--20)\"><strong>Estate genealogy training<\/strong><\/h2>\n\n<div class=\"wp-block-columns is-layout-flex wp-container-core-columns-is-layout-9d6595d7 wp-block-columns-is-layout-flex\">\n<div class=\"wp-block-column is-vertically-aligned-center is-layout-flow wp-block-column-is-layout-flow\" style=\"flex-basis:33.33%\">\n<figure class=\"wp-block-image size-full\"><img decoding=\"async\" width=\"2560\" height=\"2560\" src=\"https:\/\/cgpro.org\/app\/uploads\/2023\/12\/logo_supcampus.png\" alt=\"SUBCAMPUS logo\" class=\"wp-image-741\" srcset=\"https:\/\/cgpro.org\/app\/uploads\/2023\/12\/logo_supcampus.png 2560w, https:\/\/cgpro.org\/app\/uploads\/2023\/12\/logo_supcampus-300x300.png 300w, https:\/\/cgpro.org\/app\/uploads\/2023\/12\/logo_supcampus-1024x1024.png 1024w, https:\/\/cgpro.org\/app\/uploads\/2023\/12\/logo_supcampus-150x150.png 150w, https:\/\/cgpro.org\/app\/uploads\/2023\/12\/logo_supcampus-768x768.png 768w, https:\/\/cgpro.org\/app\/uploads\/2023\/12\/logo_supcampus-1536x1536.png 1536w, https:\/\/cgpro.org\/app\/uploads\/2023\/12\/logo_supcampus-2048x2048.png 2048w\" sizes=\"(max-width: 2560px) 100vw, 2560px\" \/><\/figure>\n<\/div>\n\n\n\n<div class=\"wp-block-column is-vertically-aligned-center is-layout-flow wp-block-column-is-layout-flow\" style=\"flex-basis:66.66%\">\n<p>The IEFGP SUPCAMPUS, directed by Jean No\u00ebl VEDERE, was created in 2011 to offer the Licence Professionnelle Droit, Activit\u00e9s Juridiques, mention g\u00e9n\u00e9alogiste successoral, under agreement with the Universit\u00e9 de Cort\u00e9.<\/p>\n\n\n\n<p>Following the discontinuation of this Licence Professionnelle in 2017, and to replace the only existing university degree, IEFGP SUPCAMPUS has set up a European Bachelor&#8217;s degree (BAC + 3) in Law, Legal Attach\u00e9s, notarial professions, genealogy, wealth management and financial advice.<\/p>\n\n\n\n<p>Consultations with professionals have enabled the diploma to evolve towards the notary&#8217;s profession, the historical and privileged partner of probate genealogists.<\/p>\n\n\n\n<p>Our partnerships with SEPTEO, developers of the G\u00e9napi software, and HARVEST, developers of the Bigexpert software, guarantee the quality of our students&#8217; technical training and their integration into the world of work.<\/p>\n<\/div>\n<\/div>\n\n<p>The Bachelor&#8217;s degree is accredited by E.A.B.H.E.S (a European certifier), enabling 180 ECTS to be obtained and the diploma to be recognized at European level.<\/p>\n\n<p>More recently, it has also been awarded a state-recognized title (RNCP 38109), giving it additional national recognition.<\/p>\n\n<p>The course can be taken face-to-face or by distance learning, on an initial or sandwich course.<\/p>\n\n<p>Our school of higher education, located in the center of Narbonne, will welcome you in a pleasant setting that will enable you to study in the best conditions.<\/p>\n\n<p>For further information, please contact us on 06 52 39 61 65 or by e-mail: info@iefgp.com<\/p>\n\n<h2 class=\"wp-block-heading has-2-xl-font-size\" style=\"padding-bottom:var(--wp--preset--spacing--20)\"><strong>Family genealogy courses<\/strong><\/h2>\n\n<div class=\"wp-block-columns is-layout-flex wp-container-core-columns-is-layout-9d6595d7 wp-block-columns-is-layout-flex\">\n<div class=\"wp-block-column is-vertically-aligned-center is-layout-flow wp-block-column-is-layout-flow\" style=\"flex-basis:33.33%\">\n<figure class=\"wp-block-image size-full\"><img decoding=\"async\" width=\"555\" height=\"300\" src=\"https:\/\/cgpro.org\/app\/uploads\/2023\/12\/EAG_logo.jpg\" alt=\"European Academy of Genealogy logo\" class=\"wp-image-745\" srcset=\"https:\/\/cgpro.org\/app\/uploads\/2023\/12\/EAG_logo.jpg 555w, https:\/\/cgpro.org\/app\/uploads\/2023\/12\/EAG_logo-300x162.jpg 300w\" sizes=\"(max-width: 555px) 100vw, 555px\" \/><\/figure>\n<\/div>\n\n\n\n<div class=\"wp-block-column is-vertically-aligned-center is-layout-flow wp-block-column-is-layout-flow\" style=\"flex-basis:66.66%\">\n<p>The European Academy of Genealogy offers the first training course in family genealogy to be run entirely by industry professionals. In December 2020, it became the first structure of its type to be Qualiopi-certified.<\/p>\n\n\n\n<p>Its aim is to provide future professionals with the tools, methods and skills needed to carry out research, mainly in France but also abroad, while ensuring the rigor of the approach and respect for ethical and deontological rules.<\/p>\n<\/div>\n<\/div>\n\n<p>Under the guidance of their tutors, trainees are required to write two dissertations: one to demonstrate their mastery of research sources and the way they are formatted, and the other as the culmination of their reflections on their professional installation. These dissertations will be defended before a jury of professionals.<\/p>\n\n<p>The 16-month training course involves three training sessions in Mutzig. Two compulsory internships validate the training: one in a company and one in the archives.<br\/><br\/>After training, the EAG monitors its trainees and provides support for those setting up in business.<br\/><br\/>The EAG is also involved in continuing education for established genealogists, with a range of short courses.<\/p>\n\n<div class=\"wp-block-buttons is-layout-flex wp-block-buttons-is-layout-flex\">\n<div class=\"wp-block-button has-custom-font-size has-sm-font-size\" style=\"text-transform:uppercase\"><a class=\"wp-block-button__link has-blue-color has-text-color has-background wp-element-button\" href=\"https:\/\/www.eagenealogy.com\/Formation_professionnelle_Cursus_1.HB.htm\" style=\"background-color:#69454500\" target=\"_blank\" rel=\"noreferrer noopener\">Read more<\/a><\/div>\n<\/div>\n\n<p class=\"mb-0\">The University of N\u00eemes offers a university diploma (DU) in Genealogy and Family History.<\/p>\n\n<div class=\"wp-block-buttons is-layout-flex wp-block-buttons-is-layout-flex\">\n<div class=\"wp-block-button has-custom-font-size has-sm-font-size\" style=\"text-transform:uppercase\"><a class=\"wp-block-button__link has-blue-color has-text-color has-background wp-element-button\" href=\"http:\/\/www.unimes.fr\/fr\/formations\/catalogue\/diplome-universite-generique-1\/sciences-humaines-et-sociales-SHS\/du-genealogie-et-histoire-des-familles-program-fr_rne_0301687w_pr_1266873783915.html\" style=\"background-color:#69454500\" target=\"_blank\" rel=\"noreferrer noopener\">Read more<\/a><\/div>\n<\/div>\n\n<p class=\"mb-0\">The University of Le Mans offers a university diploma (DU) in family history and genealogy.<\/p>\n\n<div class=\"wp-block-buttons is-layout-flex wp-block-buttons-is-layout-flex\">\n<div class=\"wp-block-button has-custom-font-size has-sm-font-size\" style=\"text-transform:uppercase\"><a class=\"wp-block-button__link has-blue-color has-text-color has-background wp-element-button\" href=\"https:\/\/www.univ-lemans.fr\/fr\/formation\/catalogue-des-formations\/diplome-d-universite-DUN\/sciences-humaines-et-sociales-0001\/du-histoire-et-genealogie-familiale-LDUGFXX_305.html\" style=\"background-color:#69454500\" target=\"_blank\" rel=\"noreferrer noopener\">Read more<\/a><\/div>\n<\/div>\n","protected":false},"excerpt":{"rendered":"<p>Estate genealogy training The IEFGP SUPCAMPUS, directed by Jean No\u00ebl VEDERE, was created in 2011 to offer the Licence Professionnelle Droit, Activit\u00e9s Juridiques, mention g\u00e9n\u00e9alogiste successoral, under agreement with the Universit\u00e9 de Cort\u00e9. Following the discontinuation of this Licence Professionnelle in 2017, and to replace the only existing university degree, IEFGP SUPCAMPUS has set up&hellip;<\/p>\n","protected":false},"author":1,"featured_media":0,"parent":0,"menu_order":0,"comment_status":"closed","ping_status":"closed","template":"","meta":{"_acf_changed":false,"inline_featured_image":false,"footnotes":""},"class_list":["post-832","page","type-page","status-publish","hentry"],"acf":[],"yoast_head":"<!-- This site is optimized with the Yoast SEO plugin v27.3 - https:\/\/yoast.com\/product\/yoast-seo-wordpress\/ -->\n<title>Training - Chamber of Professional Genealogists<\/title>\n<meta name=\"robots\" content=\"index, follow, max-snippet:-1, max-image-preview:large, max-video-preview:-1\" \/>\n<link rel=\"canonical\" href=\"https:\/\/cgpro.org\/en\/training\/\" \/>\n<meta property=\"og:locale\" content=\"en_US\" \/>\n<meta property=\"og:type\" content=\"article\" \/>\n<meta property=\"og:title\" content=\"Training - Chamber of Professional Genealogists\" \/>\n<meta property=\"og:description\" content=\"Estate genealogy training The IEFGP SUPCAMPUS, directed by Jean No\u00ebl VEDERE, was created in 2011 to offer the Licence Professionnelle Droit, Activit\u00e9s Juridiques, mention g\u00e9n\u00e9alogiste successoral, under agreement with the Universit\u00e9 de Cort\u00e9. Following the discontinuation of this Licence Professionnelle in 2017, and to replace the only existing university degree, IEFGP SUPCAMPUS has set up&hellip;\" \/>\n<meta property=\"og:url\" content=\"https:\/\/cgpro.org\/en\/training\/\" \/>\n<meta property=\"og:site_name\" content=\"Chamber of Professional Genealogists\" \/>\n<meta property=\"article:publisher\" content=\"https:\/\/www.facebook.com\/ChambreDesGenealogistesProfessionnels\" \/>\n<meta property=\"article:modified_time\" content=\"2024-01-08T20:05:47+00:00\" \/>\n<meta property=\"og:image\" content=\"https:\/\/cgpro.org\/app\/uploads\/2023\/12\/logo_supcampus.png\" \/>\n<meta name=\"twitter:card\" content=\"summary_large_image\" \/>\n<meta name=\"twitter:site\" content=\"@ChambreGenea\" \/>\n<meta name=\"twitter:label1\" content=\"Est. reading time\" \/>\n\t<meta name=\"twitter:data1\" content=\"2 minutes\" \/>\n<script type=\"application\/ld+json\" class=\"yoast-schema-graph\">{\"@context\":\"https:\\\/\\\/schema.org\",\"@graph\":[{\"@type\":\"WebPage\",\"@id\":\"https:\\\/\\\/cgpro.org\\\/en\\\/training\\\/\",\"url\":\"https:\\\/\\\/cgpro.org\\\/en\\\/training\\\/\",\"name\":\"Training - Chamber of Professional Genealogists\",\"isPartOf\":{\"@id\":\"https:\\\/\\\/cgpro.org\\\/en\\\/#website\"},\"primaryImageOfPage\":{\"@id\":\"https:\\\/\\\/cgpro.org\\\/en\\\/training\\\/#primaryimage\"},\"image\":{\"@id\":\"https:\\\/\\\/cgpro.org\\\/en\\\/training\\\/#primaryimage\"},\"thumbnailUrl\":\"https:\\\/\\\/cgpro.org\\\/app\\\/uploads\\\/2023\\\/12\\\/logo_supcampus.png\",\"datePublished\":\"2023-11-10T14:28:28+00:00\",\"dateModified\":\"2024-01-08T20:05:47+00:00\",\"breadcrumb\":{\"@id\":\"https:\\\/\\\/cgpro.org\\\/en\\\/training\\\/#breadcrumb\"},\"inLanguage\":\"en-US\",\"potentialAction\":[{\"@type\":\"ReadAction\",\"target\":[\"https:\\\/\\\/cgpro.org\\\/en\\\/training\\\/\"]}]},{\"@type\":\"ImageObject\",\"inLanguage\":\"en-US\",\"@id\":\"https:\\\/\\\/cgpro.org\\\/en\\\/training\\\/#primaryimage\",\"url\":\"https:\\\/\\\/cgpro.org\\\/app\\\/uploads\\\/2023\\\/12\\\/logo_supcampus.png\",\"contentUrl\":\"https:\\\/\\\/cgpro.org\\\/app\\\/uploads\\\/2023\\\/12\\\/logo_supcampus.png\"},{\"@type\":\"BreadcrumbList\",\"@id\":\"https:\\\/\\\/cgpro.org\\\/en\\\/training\\\/#breadcrumb\",\"itemListElement\":[{\"@type\":\"ListItem\",\"position\":1,\"name\":\"Chambre des G\u00e9n\u00e9alogistes Professionnels - Accueil\",\"item\":\"https:\\\/\\\/cgpro.org\\\/en\\\/\"},{\"@type\":\"ListItem\",\"position\":2,\"name\":\"Training\"}]},{\"@type\":\"WebSite\",\"@id\":\"https:\\\/\\\/cgpro.org\\\/en\\\/#website\",\"url\":\"https:\\\/\\\/cgpro.org\\\/en\\\/\",\"name\":\"Chamber of Professional Genealogists\",\"description\":\"Premier regroupement de g\u00e9n\u00e9alogistes europ\u00e9ens\",\"publisher\":{\"@id\":\"https:\\\/\\\/cgpro.org\\\/en\\\/#organization\"},\"alternateName\":\"CGP\",\"potentialAction\":[{\"@type\":\"SearchAction\",\"target\":{\"@type\":\"EntryPoint\",\"urlTemplate\":\"https:\\\/\\\/cgpro.org\\\/en\\\/?s={search_term_string}\"},\"query-input\":{\"@type\":\"PropertyValueSpecification\",\"valueRequired\":true,\"valueName\":\"search_term_string\"}}],\"inLanguage\":\"en-US\"},{\"@type\":\"Organization\",\"@id\":\"https:\\\/\\\/cgpro.org\\\/en\\\/#organization\",\"name\":\"Chambre des G\u00e9n\u00e9alogistes Professionnels\",\"alternateName\":\"CGP\",\"url\":\"https:\\\/\\\/cgpro.org\\\/en\\\/\",\"logo\":{\"@type\":\"ImageObject\",\"inLanguage\":\"en-US\",\"@id\":\"https:\\\/\\\/cgpro.org\\\/en\\\/#\\\/schema\\\/logo\\\/image\\\/\",\"url\":\"https:\\\/\\\/cgpro.org\\\/app\\\/uploads\\\/2023\\\/11\\\/logo-cgp.svg\",\"contentUrl\":\"https:\\\/\\\/cgpro.org\\\/app\\\/uploads\\\/2023\\\/11\\\/logo-cgp.svg\",\"caption\":\"Chambre des G\u00e9n\u00e9alogistes Professionnels\"},\"image\":{\"@id\":\"https:\\\/\\\/cgpro.org\\\/en\\\/#\\\/schema\\\/logo\\\/image\\\/\"},\"sameAs\":[\"https:\\\/\\\/www.facebook.com\\\/ChambreDesGenealogistesProfessionnels\",\"https:\\\/\\\/x.com\\\/ChambreGenea\"]}]}<\/script>\n<!-- \/ Yoast SEO plugin. -->","yoast_head_json":{"title":"Training - Chamber of Professional Genealogists","robots":{"index":"index","follow":"follow","max-snippet":"max-snippet:-1","max-image-preview":"max-image-preview:large","max-video-preview":"max-video-preview:-1"},"canonical":"https:\/\/cgpro.org\/en\/training\/","og_locale":"en_US","og_type":"article","og_title":"Training - Chamber of Professional Genealogists","og_description":"Estate genealogy training The IEFGP SUPCAMPUS, directed by Jean No\u00ebl VEDERE, was created in 2011 to offer the Licence Professionnelle Droit, Activit\u00e9s Juridiques, mention g\u00e9n\u00e9alogiste successoral, under agreement with the Universit\u00e9 de Cort\u00e9. Following the discontinuation of this Licence Professionnelle in 2017, and to replace the only existing university degree, IEFGP SUPCAMPUS has set up&hellip;","og_url":"https:\/\/cgpro.org\/en\/training\/","og_site_name":"Chamber of Professional Genealogists","article_publisher":"https:\/\/www.facebook.com\/ChambreDesGenealogistesProfessionnels","article_modified_time":"2024-01-08T20:05:47+00:00","og_image":[{"url":"https:\/\/cgpro.org\/app\/uploads\/2023\/12\/logo_supcampus.png","type":"","width":"","height":""}],"twitter_card":"summary_large_image","twitter_site":"@ChambreGenea","twitter_misc":{"Est. reading time":"2 minutes"},"schema":{"@context":"https:\/\/schema.org","@graph":[{"@type":"WebPage","@id":"https:\/\/cgpro.org\/en\/training\/","url":"https:\/\/cgpro.org\/en\/training\/","name":"Training - Chamber of Professional Genealogists","isPartOf":{"@id":"https:\/\/cgpro.org\/en\/#website"},"primaryImageOfPage":{"@id":"https:\/\/cgpro.org\/en\/training\/#primaryimage"},"image":{"@id":"https:\/\/cgpro.org\/en\/training\/#primaryimage"},"thumbnailUrl":"https:\/\/cgpro.org\/app\/uploads\/2023\/12\/logo_supcampus.png","datePublished":"2023-11-10T14:28:28+00:00","dateModified":"2024-01-08T20:05:47+00:00","breadcrumb":{"@id":"https:\/\/cgpro.org\/en\/training\/#breadcrumb"},"inLanguage":"en-US","potentialAction":[{"@type":"ReadAction","target":["https:\/\/cgpro.org\/en\/training\/"]}]},{"@type":"ImageObject","inLanguage":"en-US","@id":"https:\/\/cgpro.org\/en\/training\/#primaryimage","url":"https:\/\/cgpro.org\/app\/uploads\/2023\/12\/logo_supcampus.png","contentUrl":"https:\/\/cgpro.org\/app\/uploads\/2023\/12\/logo_supcampus.png"},{"@type":"BreadcrumbList","@id":"https:\/\/cgpro.org\/en\/training\/#breadcrumb","itemListElement":[{"@type":"ListItem","position":1,"name":"Chambre des G\u00e9n\u00e9alogistes Professionnels - Accueil","item":"https:\/\/cgpro.org\/en\/"},{"@type":"ListItem","position":2,"name":"Training"}]},{"@type":"WebSite","@id":"https:\/\/cgpro.org\/en\/#website","url":"https:\/\/cgpro.org\/en\/","name":"Chamber of Professional Genealogists","description":"Premier regroupement de g\u00e9n\u00e9alogistes europ\u00e9ens","publisher":{"@id":"https:\/\/cgpro.org\/en\/#organization"},"alternateName":"CGP","potentialAction":[{"@type":"SearchAction","target":{"@type":"EntryPoint","urlTemplate":"https:\/\/cgpro.org\/en\/?s={search_term_string}"},"query-input":{"@type":"PropertyValueSpecification","valueRequired":true,"valueName":"search_term_string"}}],"inLanguage":"en-US"},{"@type":"Organization","@id":"https:\/\/cgpro.org\/en\/#organization","name":"Chambre des G\u00e9n\u00e9alogistes Professionnels","alternateName":"CGP","url":"https:\/\/cgpro.org\/en\/","logo":{"@type":"ImageObject","inLanguage":"en-US","@id":"https:\/\/cgpro.org\/en\/#\/schema\/logo\/image\/","url":"https:\/\/cgpro.org\/app\/uploads\/2023\/11\/logo-cgp.svg","contentUrl":"https:\/\/cgpro.org\/app\/uploads\/2023\/11\/logo-cgp.svg","caption":"Chambre des G\u00e9n\u00e9alogistes Professionnels"},"image":{"@id":"https:\/\/cgpro.org\/en\/#\/schema\/logo\/image\/"},"sameAs":["https:\/\/www.facebook.com\/ChambreDesGenealogistesProfessionnels","https:\/\/x.com\/ChambreGenea"]}]}},"_links":{"self":[{"href":"https:\/\/cgpro.org\/en\/wp-json\/wp\/v2\/pages\/832","targetHints":{"allow":["GET"]}}],"collection":[{"href":"https:\/\/cgpro.org\/en\/wp-json\/wp\/v2\/pages"}],"about":[{"href":"https:\/\/cgpro.org\/en\/wp-json\/wp\/v2\/types\/page"}],"author":[{"embeddable":true,"href":"https:\/\/cgpro.org\/en\/wp-json\/wp\/v2\/users\/1"}],"replies":[{"embeddable":true,"href":"https:\/\/cgpro.org\/en\/wp-json\/wp\/v2\/comments?post=832"}],"version-history":[{"count":1,"href":"https:\/\/cgpro.org\/en\/wp-json\/wp\/v2\/pages\/832\/revisions"}],"predecessor-version":[{"id":835,"href":"https:\/\/cgpro.org\/en\/wp-json\/wp\/v2\/pages\/832\/revisions\/835"}],"wp:attachment":[{"href":"https:\/\/cgpro.org\/en\/wp-json\/wp\/v2\/media?parent=832"}],"curies":[{"name":"wp","href":"https:\/\/api.w.org\/{rel}","templated":true}]}}