{"id":836,"date":"2023-10-06T15:24:54","date_gmt":"2023-10-06T13:24:54","guid":{"rendered":"https:\/\/cgpro.org\/presentation\/family-genealogists\/"},"modified":"2024-01-08T21:05:44","modified_gmt":"2024-01-08T20:05:44","slug":"family-genealogists","status":"publish","type":"page","link":"https:\/\/cgpro.org\/en\/presentation\/family-genealogists\/","title":{"rendered":"Family genealogists"},"content":{"rendered":"\n<p>Family genealogists belonging to the Chambre des G\u00e9n\u00e9alogistes Professionnels carry out genealogical or historical research, usually for private clients.<\/p>\n\n<p>Drawing on a wide range of skills, they are able to work on complete or one-off projects.<\/p>\n\n<p>Their expertise and knowledge of archive centers, paleography and the regions in which they work are a guarantee of efficiency.<\/p>\n\n<p>For specific advice, to unblock a genealogy or to conduct complex research, family genealogists can intervene in a variety of cases:<\/p>\n\n<ul class=\"wp-block-list\">\n<li>Descent<\/li>\n\n\n\n<li>Ancestry<\/li>\n\n\n\n<li>Biography<\/li>\n\n\n\n<li>Search for deeds and archives<\/li>\n\n\n\n<li>Transcription<\/li>\n\n\n\n<li>History of a property<\/li>\n\n\n\n<li>Creating trees<\/li>\n<\/ul>\n\n<p>After precisely defining their clients&#8217; needs, professional family genealogists draw up an estimate and a contract setting out their mission, their remuneration (flat-rate or hourly + travel and accommodation expenses). They are bound by an obligation of means, and must provide proof of the research they have carried out (copies of documents, citing references and sources). Professional family genealogists respect people&#8217;s privacy and are bound by professional secrecy. As such, they begin their work only when a clear link has been established between their client and the ancestor who is the starting point for the research.<\/p>\n\n<p>At the end of their investigations, they present a complete file in the form defined with their customers. Their fees are not regulated and they are covered by professional indemnity insurance.<\/p>\n","protected":false},"excerpt":{"rendered":"<p>Family genealogists belonging to the Chambre des G\u00e9n\u00e9alogistes Professionnels carry out genealogical or historical research, usually for private clients. Drawing on a wide range of skills, they are able to work on complete or one-off projects. Their expertise and knowledge of archive centers, paleography and the regions in which they work are a guarantee of&hellip;<\/p>\n","protected":false},"author":1,"featured_media":763,"parent":831,"menu_order":0,"comment_status":"closed","ping_status":"closed","template":"","meta":{"_acf_changed":false,"inline_featured_image":false,"footnotes":""},"class_list":["post-836","page","type-page","status-publish","has-post-thumbnail","hentry"],"acf":[],"yoast_head":"<!-- This site is optimized with the Yoast SEO plugin v27.3 - https:\/\/yoast.com\/product\/yoast-seo-wordpress\/ -->\n<title>Family genealogists - Chamber of Professional Genealogists<\/title>\n<meta name=\"description\" content=\"CGP&#039;s family genealogists carry out genealogical and historical research for private clients.\" \/>\n<meta name=\"robots\" content=\"index, follow, max-snippet:-1, max-image-preview:large, max-video-preview:-1\" \/>\n<link rel=\"canonical\" href=\"https:\/\/cgpro.org\/en\/presentation\/family-genealogists\/\" \/>\n<meta property=\"og:locale\" content=\"en_US\" \/>\n<meta property=\"og:type\" content=\"article\" \/>\n<meta property=\"og:title\" content=\"Family genealogists - Chamber of Professional Genealogists\" \/>\n<meta property=\"og:description\" content=\"CGP&#039;s family genealogists carry out genealogical and historical research for private clients.\" \/>\n<meta property=\"og:url\" content=\"https:\/\/cgpro.org\/en\/presentation\/family-genealogists\/\" \/>\n<meta property=\"og:site_name\" content=\"Chamber of Professional Genealogists\" \/>\n<meta property=\"article:publisher\" content=\"https:\/\/www.facebook.com\/ChambreDesGenealogistesProfessionnels\" \/>\n<meta property=\"article:modified_time\" content=\"2024-01-08T20:05:44+00:00\" \/>\n<meta property=\"og:image\" content=\"https:\/\/cgpro.org\/app\/uploads\/2023\/10\/genealogistes-familiaux-scaled.jpg\" \/>\n\t<meta property=\"og:image:width\" content=\"1707\" \/>\n\t<meta property=\"og:image:height\" content=\"2560\" \/>\n\t<meta property=\"og:image:type\" content=\"image\/jpeg\" \/>\n<meta name=\"twitter:card\" content=\"summary_large_image\" \/>\n<meta name=\"twitter:site\" content=\"@ChambreGenea\" \/>\n<meta name=\"twitter:label1\" content=\"Est. reading time\" \/>\n\t<meta name=\"twitter:data1\" content=\"1 minute\" \/>\n<script type=\"application\/ld+json\" class=\"yoast-schema-graph\">{\"@context\":\"https:\\\/\\\/schema.org\",\"@graph\":[{\"@type\":\"WebPage\",\"@id\":\"https:\\\/\\\/cgpro.org\\\/en\\\/presentation\\\/family-genealogists\\\/\",\"url\":\"https:\\\/\\\/cgpro.org\\\/en\\\/presentation\\\/family-genealogists\\\/\",\"name\":\"Family genealogists - Chamber of Professional Genealogists\",\"isPartOf\":{\"@id\":\"https:\\\/\\\/cgpro.org\\\/en\\\/#website\"},\"primaryImageOfPage\":{\"@id\":\"https:\\\/\\\/cgpro.org\\\/en\\\/presentation\\\/family-genealogists\\\/#primaryimage\"},\"image\":{\"@id\":\"https:\\\/\\\/cgpro.org\\\/en\\\/presentation\\\/family-genealogists\\\/#primaryimage\"},\"thumbnailUrl\":\"https:\\\/\\\/cgpro.org\\\/app\\\/uploads\\\/2023\\\/10\\\/genealogistes-familiaux-scaled.jpg\",\"datePublished\":\"2023-10-06T13:24:54+00:00\",\"dateModified\":\"2024-01-08T20:05:44+00:00\",\"description\":\"CGP's family genealogists carry out genealogical and historical research for private clients.\",\"breadcrumb\":{\"@id\":\"https:\\\/\\\/cgpro.org\\\/en\\\/presentation\\\/family-genealogists\\\/#breadcrumb\"},\"inLanguage\":\"en-US\",\"potentialAction\":[{\"@type\":\"ReadAction\",\"target\":[\"https:\\\/\\\/cgpro.org\\\/en\\\/presentation\\\/family-genealogists\\\/\"]}]},{\"@type\":\"ImageObject\",\"inLanguage\":\"en-US\",\"@id\":\"https:\\\/\\\/cgpro.org\\\/en\\\/presentation\\\/family-genealogists\\\/#primaryimage\",\"url\":\"https:\\\/\\\/cgpro.org\\\/app\\\/uploads\\\/2023\\\/10\\\/genealogistes-familiaux-scaled.jpg\",\"contentUrl\":\"https:\\\/\\\/cgpro.org\\\/app\\\/uploads\\\/2023\\\/10\\\/genealogistes-familiaux-scaled.jpg\",\"width\":1707,\"height\":2560},{\"@type\":\"BreadcrumbList\",\"@id\":\"https:\\\/\\\/cgpro.org\\\/en\\\/presentation\\\/family-genealogists\\\/#breadcrumb\",\"itemListElement\":[{\"@type\":\"ListItem\",\"position\":1,\"name\":\"Chambre des G\u00e9n\u00e9alogistes Professionnels - Accueil\",\"item\":\"https:\\\/\\\/cgpro.org\\\/en\\\/\"},{\"@type\":\"ListItem\",\"position\":2,\"name\":\"Presentation\",\"item\":\"https:\\\/\\\/cgpro.org\\\/en\\\/presentation\\\/\"},{\"@type\":\"ListItem\",\"position\":3,\"name\":\"Family genealogists\"}]},{\"@type\":\"WebSite\",\"@id\":\"https:\\\/\\\/cgpro.org\\\/en\\\/#website\",\"url\":\"https:\\\/\\\/cgpro.org\\\/en\\\/\",\"name\":\"Chamber of Professional Genealogists\",\"description\":\"Premier regroupement de g\u00e9n\u00e9alogistes europ\u00e9ens\",\"publisher\":{\"@id\":\"https:\\\/\\\/cgpro.org\\\/en\\\/#organization\"},\"alternateName\":\"CGP\",\"potentialAction\":[{\"@type\":\"SearchAction\",\"target\":{\"@type\":\"EntryPoint\",\"urlTemplate\":\"https:\\\/\\\/cgpro.org\\\/en\\\/?s={search_term_string}\"},\"query-input\":{\"@type\":\"PropertyValueSpecification\",\"valueRequired\":true,\"valueName\":\"search_term_string\"}}],\"inLanguage\":\"en-US\"},{\"@type\":\"Organization\",\"@id\":\"https:\\\/\\\/cgpro.org\\\/en\\\/#organization\",\"name\":\"Chambre des G\u00e9n\u00e9alogistes Professionnels\",\"alternateName\":\"CGP\",\"url\":\"https:\\\/\\\/cgpro.org\\\/en\\\/\",\"logo\":{\"@type\":\"ImageObject\",\"inLanguage\":\"en-US\",\"@id\":\"https:\\\/\\\/cgpro.org\\\/en\\\/#\\\/schema\\\/logo\\\/image\\\/\",\"url\":\"https:\\\/\\\/cgpro.org\\\/app\\\/uploads\\\/2023\\\/11\\\/logo-cgp.svg\",\"contentUrl\":\"https:\\\/\\\/cgpro.org\\\/app\\\/uploads\\\/2023\\\/11\\\/logo-cgp.svg\",\"caption\":\"Chambre des G\u00e9n\u00e9alogistes Professionnels\"},\"image\":{\"@id\":\"https:\\\/\\\/cgpro.org\\\/en\\\/#\\\/schema\\\/logo\\\/image\\\/\"},\"sameAs\":[\"https:\\\/\\\/www.facebook.com\\\/ChambreDesGenealogistesProfessionnels\",\"https:\\\/\\\/x.com\\\/ChambreGenea\"]}]}<\/script>\n<!-- \/ Yoast SEO plugin. -->","yoast_head_json":{"title":"Family genealogists - Chamber of Professional Genealogists","description":"CGP's family genealogists carry out genealogical and historical research for private clients.","robots":{"index":"index","follow":"follow","max-snippet":"max-snippet:-1","max-image-preview":"max-image-preview:large","max-video-preview":"max-video-preview:-1"},"canonical":"https:\/\/cgpro.org\/en\/presentation\/family-genealogists\/","og_locale":"en_US","og_type":"article","og_title":"Family genealogists - Chamber of Professional Genealogists","og_description":"CGP's family genealogists carry out genealogical and historical research for private clients.","og_url":"https:\/\/cgpro.org\/en\/presentation\/family-genealogists\/","og_site_name":"Chamber of Professional Genealogists","article_publisher":"https:\/\/www.facebook.com\/ChambreDesGenealogistesProfessionnels","article_modified_time":"2024-01-08T20:05:44+00:00","og_image":[{"width":1707,"height":2560,"url":"https:\/\/cgpro.org\/app\/uploads\/2023\/10\/genealogistes-familiaux-scaled.jpg","type":"image\/jpeg"}],"twitter_card":"summary_large_image","twitter_site":"@ChambreGenea","twitter_misc":{"Est. reading time":"1 minute"},"schema":{"@context":"https:\/\/schema.org","@graph":[{"@type":"WebPage","@id":"https:\/\/cgpro.org\/en\/presentation\/family-genealogists\/","url":"https:\/\/cgpro.org\/en\/presentation\/family-genealogists\/","name":"Family genealogists - Chamber of Professional Genealogists","isPartOf":{"@id":"https:\/\/cgpro.org\/en\/#website"},"primaryImageOfPage":{"@id":"https:\/\/cgpro.org\/en\/presentation\/family-genealogists\/#primaryimage"},"image":{"@id":"https:\/\/cgpro.org\/en\/presentation\/family-genealogists\/#primaryimage"},"thumbnailUrl":"https:\/\/cgpro.org\/app\/uploads\/2023\/10\/genealogistes-familiaux-scaled.jpg","datePublished":"2023-10-06T13:24:54+00:00","dateModified":"2024-01-08T20:05:44+00:00","description":"CGP's family genealogists carry out genealogical and historical research for private clients.","breadcrumb":{"@id":"https:\/\/cgpro.org\/en\/presentation\/family-genealogists\/#breadcrumb"},"inLanguage":"en-US","potentialAction":[{"@type":"ReadAction","target":["https:\/\/cgpro.org\/en\/presentation\/family-genealogists\/"]}]},{"@type":"ImageObject","inLanguage":"en-US","@id":"https:\/\/cgpro.org\/en\/presentation\/family-genealogists\/#primaryimage","url":"https:\/\/cgpro.org\/app\/uploads\/2023\/10\/genealogistes-familiaux-scaled.jpg","contentUrl":"https:\/\/cgpro.org\/app\/uploads\/2023\/10\/genealogistes-familiaux-scaled.jpg","width":1707,"height":2560},{"@type":"BreadcrumbList","@id":"https:\/\/cgpro.org\/en\/presentation\/family-genealogists\/#breadcrumb","itemListElement":[{"@type":"ListItem","position":1,"name":"Chambre des G\u00e9n\u00e9alogistes Professionnels - Accueil","item":"https:\/\/cgpro.org\/en\/"},{"@type":"ListItem","position":2,"name":"Presentation","item":"https:\/\/cgpro.org\/en\/presentation\/"},{"@type":"ListItem","position":3,"name":"Family genealogists"}]},{"@type":"WebSite","@id":"https:\/\/cgpro.org\/en\/#website","url":"https:\/\/cgpro.org\/en\/","name":"Chamber of Professional Genealogists","description":"Premier regroupement de g\u00e9n\u00e9alogistes europ\u00e9ens","publisher":{"@id":"https:\/\/cgpro.org\/en\/#organization"},"alternateName":"CGP","potentialAction":[{"@type":"SearchAction","target":{"@type":"EntryPoint","urlTemplate":"https:\/\/cgpro.org\/en\/?s={search_term_string}"},"query-input":{"@type":"PropertyValueSpecification","valueRequired":true,"valueName":"search_term_string"}}],"inLanguage":"en-US"},{"@type":"Organization","@id":"https:\/\/cgpro.org\/en\/#organization","name":"Chambre des G\u00e9n\u00e9alogistes Professionnels","alternateName":"CGP","url":"https:\/\/cgpro.org\/en\/","logo":{"@type":"ImageObject","inLanguage":"en-US","@id":"https:\/\/cgpro.org\/en\/#\/schema\/logo\/image\/","url":"https:\/\/cgpro.org\/app\/uploads\/2023\/11\/logo-cgp.svg","contentUrl":"https:\/\/cgpro.org\/app\/uploads\/2023\/11\/logo-cgp.svg","caption":"Chambre des G\u00e9n\u00e9alogistes Professionnels"},"image":{"@id":"https:\/\/cgpro.org\/en\/#\/schema\/logo\/image\/"},"sameAs":["https:\/\/www.facebook.com\/ChambreDesGenealogistesProfessionnels","https:\/\/x.com\/ChambreGenea"]}]}},"_links":{"self":[{"href":"https:\/\/cgpro.org\/en\/wp-json\/wp\/v2\/pages\/836","targetHints":{"allow":["GET"]}}],"collection":[{"href":"https:\/\/cgpro.org\/en\/wp-json\/wp\/v2\/pages"}],"about":[{"href":"https:\/\/cgpro.org\/en\/wp-json\/wp\/v2\/types\/page"}],"author":[{"embeddable":true,"href":"https:\/\/cgpro.org\/en\/wp-json\/wp\/v2\/users\/1"}],"replies":[{"embeddable":true,"href":"https:\/\/cgpro.org\/en\/wp-json\/wp\/v2\/comments?post=836"}],"version-history":[{"count":1,"href":"https:\/\/cgpro.org\/en\/wp-json\/wp\/v2\/pages\/836\/revisions"}],"predecessor-version":[{"id":838,"href":"https:\/\/cgpro.org\/en\/wp-json\/wp\/v2\/pages\/836\/revisions\/838"}],"up":[{"embeddable":true,"href":"https:\/\/cgpro.org\/en\/wp-json\/wp\/v2\/pages\/831"}],"wp:featuredmedia":[{"embeddable":true,"href":"https:\/\/cgpro.org\/en\/wp-json\/wp\/v2\/media\/763"}],"wp:attachment":[{"href":"https:\/\/cgpro.org\/en\/wp-json\/wp\/v2\/media?parent=836"}],"curies":[{"name":"wp","href":"https:\/\/api.w.org\/{rel}","templated":true}]}}