{"id":837,"date":"2023-11-08T19:01:58","date_gmt":"2023-11-08T18:01:58","guid":{"rendered":"https:\/\/cgpro.org\/contact-us\/"},"modified":"2025-04-14T16:25:43","modified_gmt":"2025-04-14T14:25:43","slug":"contact-us","status":"publish","type":"page","link":"https:\/\/cgpro.org\/en\/contact-us\/","title":{"rendered":"Contact us"},"content":{"rendered":"\n<div class=\"wp-block-columns is-layout-flex wp-container-core-columns-is-layout-9d6595d7 wp-block-columns-is-layout-flex\">\n<div class=\"wp-block-column is-layout-flow wp-block-column-is-layout-flow\" style=\"flex-basis:50%\">\n<p class=\"has-xs-font-size\"><em>Fields marked with an asterisk * are mandatory.<\/em><\/p>\n\n\n\n<div class=\"wp-block-contact-form-7-contact-form-selector\">\n<div class=\"wpcf7 no-js\" id=\"wpcf7-f1005-o1\" lang=\"en-US\" dir=\"ltr\" data-wpcf7-id=\"1005\">\n<div class=\"screen-reader-response\"><p role=\"status\" aria-live=\"polite\" aria-atomic=\"true\"><\/p> <ul><\/ul><\/div>\n<form action=\"\/en\/wp-json\/wp\/v2\/pages\/837#wpcf7-f1005-o1\" method=\"post\" class=\"wpcf7-form init\" aria-label=\"Contact form\" novalidate=\"novalidate\" data-status=\"init\">\n<fieldset class=\"hidden-fields-container\"><input type=\"hidden\" name=\"_wpcf7\" value=\"1005\" \/><input type=\"hidden\" name=\"_wpcf7_version\" value=\"6.1.5\" \/><input type=\"hidden\" name=\"_wpcf7_locale\" value=\"en_US\" \/><input type=\"hidden\" name=\"_wpcf7_unit_tag\" value=\"wpcf7-f1005-o1\" \/><input type=\"hidden\" name=\"_wpcf7_container_post\" value=\"0\" \/><input type=\"hidden\" name=\"_wpcf7_posted_data_hash\" value=\"\" \/><input type=\"hidden\" name=\"_wpcf7_recaptcha_response\" value=\"\" \/>\n<\/fieldset>\n<fieldset class=\"mid-size\">\n  <label for=\"nom\">Last name<\/label>\n    <span class=\"wpcf7-form-control-wrap\" data-name=\"nom\"><input size=\"40\" maxlength=\"400\" class=\"wpcf7-form-control wpcf7-text wpcf7-validates-as-required\" autocomplete=\"family-name\" aria-required=\"true\" aria-invalid=\"false\" placeholder=\"Last name*\" value=\"\" type=\"text\" name=\"nom\" \/><\/span> \n\n  <label for=\"prenom\">First name<\/label>\n    <span class=\"wpcf7-form-control-wrap\" data-name=\"prenom\"><input size=\"40\" maxlength=\"400\" class=\"wpcf7-form-control wpcf7-text wpcf7-validates-as-required\" autocomplete=\"given-name\" aria-required=\"true\" aria-invalid=\"false\" placeholder=\"First name*\" value=\"\" type=\"text\" name=\"prenom\" \/><\/span> \n<\/fieldset>\n\n<fieldset class=\"mid-size\">\n  <label for=\"email\">Email<\/label>\n    <span class=\"wpcf7-form-control-wrap\" data-name=\"email\"><input size=\"40\" maxlength=\"400\" class=\"wpcf7-form-control wpcf7-email wpcf7-validates-as-required wpcf7-text wpcf7-validates-as-email\" autocomplete=\"email\" aria-required=\"true\" aria-invalid=\"false\" placeholder=\"Email*\" value=\"\" type=\"email\" name=\"email\" \/><\/span> \n\n  <label for=\"tel\">Phone<\/label>\n    <span class=\"wpcf7-form-control-wrap\" data-name=\"tel\"><input size=\"40\" maxlength=\"400\" class=\"wpcf7-form-control wpcf7-tel wpcf7-text wpcf7-validates-as-tel\" autocomplete=\"tel\" aria-invalid=\"false\" placeholder=\"Phone\" value=\"\" type=\"tel\" name=\"tel\" \/><\/span>\n<\/fieldset>\n\n<fieldset class=\"full-size\">\n  <label for=\"sujet\">Subject<\/label>\n    <span class=\"wpcf7-form-control-wrap\" data-name=\"sujet\"><input size=\"40\" maxlength=\"400\" class=\"wpcf7-form-control wpcf7-text wpcf7-validates-as-required\" aria-required=\"true\" aria-invalid=\"false\" placeholder=\"Subject*\" value=\"\" type=\"text\" name=\"sujet\" \/><\/span>\n<\/fieldset>\n\n<fieldset class=\"full-size\">\n  <label for=\"message\">Message<\/label>\n    <span class=\"wpcf7-form-control-wrap\" data-name=\"message\"><textarea cols=\"40\" rows=\"3\" maxlength=\"2000\" class=\"wpcf7-form-control wpcf7-textarea wpcf7-validates-as-required\" aria-required=\"true\" aria-invalid=\"false\" placeholder=\"Message*\" name=\"message\"><\/textarea><\/span>\n<\/fieldset>\n\n<fieldset class=\"mid-size last\">\n  <div><span class=\"wpcf7-form-control-wrap\" data-name=\"acceptance\"><span class=\"wpcf7-form-control wpcf7-acceptance\"><span class=\"wpcf7-list-item\"><label><input type=\"checkbox\" name=\"acceptance\" value=\"1\" aria-invalid=\"false\" \/><span class=\"wpcf7-list-item-label\">I have read and accept the <a href=\"\/politique-de-confidentialite\">privacy policy<\/a><\/span><\/label><\/span><\/span><\/span><\/div>\n  <div class=\"btn-submit\"><input class=\"wpcf7-form-control wpcf7-submit has-spinner\" type=\"submit\" value=\"Send\" \/><\/div>\n<\/fieldset><div class=\"wpcf7-response-output\" aria-hidden=\"true\"><\/div>\n<\/form>\n<\/div>\n<\/div>\n<\/div>\n\n\n\n<div class=\"wp-block-column is-vertically-aligned-center annuaire-block is-layout-flow wp-block-column-is-layout-flow\" style=\"flex-basis:50%\">\n<div class=\"wp-block-group annuaire-cta is-layout-constrained wp-container-core-group-is-layout-9a6c2a12 wp-block-group-is-layout-constrained\" style=\"padding-left:0\">\n<p class=\"has-text-align-left has-playfair-font-family has-lg-font-size\" style=\"letter-spacing:1px\">In France and abroad<\/p>\n\n\n\n<p class=\"has-text-align-left has-playfair-font-family has-2-xl-font-size\" style=\"letter-spacing:2px\"><a href=\"\/annuaire\">Find a genealogist <span>near you<\/span><\/a><\/p>\n<\/div>\n<\/div>\n<\/div>\n","protected":false},"excerpt":{"rendered":"<p>Fields marked with an asterisk * are mandatory. In France and abroad Find a genealogist near you<\/p>\n","protected":false},"author":1,"featured_media":0,"parent":0,"menu_order":0,"comment_status":"closed","ping_status":"closed","template":"contact.blade.php","meta":{"_acf_changed":false,"inline_featured_image":false,"footnotes":""},"class_list":["post-837","page","type-page","status-publish","hentry"],"acf":[],"yoast_head":"<!-- This site is optimized with the Yoast SEO plugin v27.3 - https:\/\/yoast.com\/product\/yoast-seo-wordpress\/ -->\n<title>Contact us - Chamber of Professional Genealogists<\/title>\n<meta name=\"robots\" content=\"index, follow, max-snippet:-1, max-image-preview:large, max-video-preview:-1\" \/>\n<link rel=\"canonical\" href=\"https:\/\/cgpro.org\/en\/contact-us\/\" \/>\n<meta property=\"og:locale\" content=\"en_US\" \/>\n<meta property=\"og:type\" content=\"article\" \/>\n<meta property=\"og:title\" content=\"Contact us - Chamber of Professional Genealogists\" \/>\n<meta property=\"og:description\" content=\"Fields marked with an asterisk * are mandatory. In France and abroad Find a genealogist near you\" \/>\n<meta property=\"og:url\" content=\"https:\/\/cgpro.org\/en\/contact-us\/\" \/>\n<meta property=\"og:site_name\" content=\"Chamber of Professional Genealogists\" \/>\n<meta property=\"article:publisher\" content=\"https:\/\/www.facebook.com\/ChambreDesGenealogistesProfessionnels\" \/>\n<meta property=\"article:modified_time\" content=\"2025-04-14T14:25:43+00:00\" \/>\n<meta name=\"twitter:card\" content=\"summary_large_image\" \/>\n<meta name=\"twitter:site\" content=\"@ChambreGenea\" \/>\n<script type=\"application\/ld+json\" class=\"yoast-schema-graph\">{\"@context\":\"https:\\\/\\\/schema.org\",\"@graph\":[{\"@type\":\"WebPage\",\"@id\":\"https:\\\/\\\/cgpro.org\\\/en\\\/contact-us\\\/\",\"url\":\"https:\\\/\\\/cgpro.org\\\/en\\\/contact-us\\\/\",\"name\":\"Contact us - Chamber of Professional Genealogists\",\"isPartOf\":{\"@id\":\"https:\\\/\\\/cgpro.org\\\/en\\\/#website\"},\"datePublished\":\"2023-11-08T18:01:58+00:00\",\"dateModified\":\"2025-04-14T14:25:43+00:00\",\"breadcrumb\":{\"@id\":\"https:\\\/\\\/cgpro.org\\\/en\\\/contact-us\\\/#breadcrumb\"},\"inLanguage\":\"en-US\",\"potentialAction\":[{\"@type\":\"ReadAction\",\"target\":[\"https:\\\/\\\/cgpro.org\\\/en\\\/contact-us\\\/\"]}]},{\"@type\":\"BreadcrumbList\",\"@id\":\"https:\\\/\\\/cgpro.org\\\/en\\\/contact-us\\\/#breadcrumb\",\"itemListElement\":[{\"@type\":\"ListItem\",\"position\":1,\"name\":\"Chambre des G\u00e9n\u00e9alogistes Professionnels - Accueil\",\"item\":\"https:\\\/\\\/cgpro.org\\\/en\\\/\"},{\"@type\":\"ListItem\",\"position\":2,\"name\":\"Contact\"}]},{\"@type\":\"WebSite\",\"@id\":\"https:\\\/\\\/cgpro.org\\\/en\\\/#website\",\"url\":\"https:\\\/\\\/cgpro.org\\\/en\\\/\",\"name\":\"Chamber of Professional Genealogists\",\"description\":\"Premier regroupement de g\u00e9n\u00e9alogistes europ\u00e9ens\",\"publisher\":{\"@id\":\"https:\\\/\\\/cgpro.org\\\/en\\\/#organization\"},\"alternateName\":\"CGP\",\"potentialAction\":[{\"@type\":\"SearchAction\",\"target\":{\"@type\":\"EntryPoint\",\"urlTemplate\":\"https:\\\/\\\/cgpro.org\\\/en\\\/?s={search_term_string}\"},\"query-input\":{\"@type\":\"PropertyValueSpecification\",\"valueRequired\":true,\"valueName\":\"search_term_string\"}}],\"inLanguage\":\"en-US\"},{\"@type\":\"Organization\",\"@id\":\"https:\\\/\\\/cgpro.org\\\/en\\\/#organization\",\"name\":\"Chambre des G\u00e9n\u00e9alogistes Professionnels\",\"alternateName\":\"CGP\",\"url\":\"https:\\\/\\\/cgpro.org\\\/en\\\/\",\"logo\":{\"@type\":\"ImageObject\",\"inLanguage\":\"en-US\",\"@id\":\"https:\\\/\\\/cgpro.org\\\/en\\\/#\\\/schema\\\/logo\\\/image\\\/\",\"url\":\"https:\\\/\\\/cgpro.org\\\/app\\\/uploads\\\/2023\\\/11\\\/logo-cgp.svg\",\"contentUrl\":\"https:\\\/\\\/cgpro.org\\\/app\\\/uploads\\\/2023\\\/11\\\/logo-cgp.svg\",\"caption\":\"Chambre des G\u00e9n\u00e9alogistes Professionnels\"},\"image\":{\"@id\":\"https:\\\/\\\/cgpro.org\\\/en\\\/#\\\/schema\\\/logo\\\/image\\\/\"},\"sameAs\":[\"https:\\\/\\\/www.facebook.com\\\/ChambreDesGenealogistesProfessionnels\",\"https:\\\/\\\/x.com\\\/ChambreGenea\"]}]}<\/script>\n<!-- \/ Yoast SEO plugin. -->","yoast_head_json":{"title":"Contact us - Chamber of Professional Genealogists","robots":{"index":"index","follow":"follow","max-snippet":"max-snippet:-1","max-image-preview":"max-image-preview:large","max-video-preview":"max-video-preview:-1"},"canonical":"https:\/\/cgpro.org\/en\/contact-us\/","og_locale":"en_US","og_type":"article","og_title":"Contact us - Chamber of Professional Genealogists","og_description":"Fields marked with an asterisk * are mandatory. In France and abroad Find a genealogist near you","og_url":"https:\/\/cgpro.org\/en\/contact-us\/","og_site_name":"Chamber of Professional Genealogists","article_publisher":"https:\/\/www.facebook.com\/ChambreDesGenealogistesProfessionnels","article_modified_time":"2025-04-14T14:25:43+00:00","twitter_card":"summary_large_image","twitter_site":"@ChambreGenea","schema":{"@context":"https:\/\/schema.org","@graph":[{"@type":"WebPage","@id":"https:\/\/cgpro.org\/en\/contact-us\/","url":"https:\/\/cgpro.org\/en\/contact-us\/","name":"Contact us - Chamber of Professional Genealogists","isPartOf":{"@id":"https:\/\/cgpro.org\/en\/#website"},"datePublished":"2023-11-08T18:01:58+00:00","dateModified":"2025-04-14T14:25:43+00:00","breadcrumb":{"@id":"https:\/\/cgpro.org\/en\/contact-us\/#breadcrumb"},"inLanguage":"en-US","potentialAction":[{"@type":"ReadAction","target":["https:\/\/cgpro.org\/en\/contact-us\/"]}]},{"@type":"BreadcrumbList","@id":"https:\/\/cgpro.org\/en\/contact-us\/#breadcrumb","itemListElement":[{"@type":"ListItem","position":1,"name":"Chambre des G\u00e9n\u00e9alogistes Professionnels - Accueil","item":"https:\/\/cgpro.org\/en\/"},{"@type":"ListItem","position":2,"name":"Contact"}]},{"@type":"WebSite","@id":"https:\/\/cgpro.org\/en\/#website","url":"https:\/\/cgpro.org\/en\/","name":"Chamber of Professional Genealogists","description":"Premier regroupement de g\u00e9n\u00e9alogistes europ\u00e9ens","publisher":{"@id":"https:\/\/cgpro.org\/en\/#organization"},"alternateName":"CGP","potentialAction":[{"@type":"SearchAction","target":{"@type":"EntryPoint","urlTemplate":"https:\/\/cgpro.org\/en\/?s={search_term_string}"},"query-input":{"@type":"PropertyValueSpecification","valueRequired":true,"valueName":"search_term_string"}}],"inLanguage":"en-US"},{"@type":"Organization","@id":"https:\/\/cgpro.org\/en\/#organization","name":"Chambre des G\u00e9n\u00e9alogistes Professionnels","alternateName":"CGP","url":"https:\/\/cgpro.org\/en\/","logo":{"@type":"ImageObject","inLanguage":"en-US","@id":"https:\/\/cgpro.org\/en\/#\/schema\/logo\/image\/","url":"https:\/\/cgpro.org\/app\/uploads\/2023\/11\/logo-cgp.svg","contentUrl":"https:\/\/cgpro.org\/app\/uploads\/2023\/11\/logo-cgp.svg","caption":"Chambre des G\u00e9n\u00e9alogistes Professionnels"},"image":{"@id":"https:\/\/cgpro.org\/en\/#\/schema\/logo\/image\/"},"sameAs":["https:\/\/www.facebook.com\/ChambreDesGenealogistesProfessionnels","https:\/\/x.com\/ChambreGenea"]}]}},"_links":{"self":[{"href":"https:\/\/cgpro.org\/en\/wp-json\/wp\/v2\/pages\/837","targetHints":{"allow":["GET"]}}],"collection":[{"href":"https:\/\/cgpro.org\/en\/wp-json\/wp\/v2\/pages"}],"about":[{"href":"https:\/\/cgpro.org\/en\/wp-json\/wp\/v2\/types\/page"}],"author":[{"embeddable":true,"href":"https:\/\/cgpro.org\/en\/wp-json\/wp\/v2\/users\/1"}],"replies":[{"embeddable":true,"href":"https:\/\/cgpro.org\/en\/wp-json\/wp\/v2\/comments?post=837"}],"version-history":[{"count":1,"href":"https:\/\/cgpro.org\/en\/wp-json\/wp\/v2\/pages\/837\/revisions"}],"predecessor-version":[{"id":839,"href":"https:\/\/cgpro.org\/en\/wp-json\/wp\/v2\/pages\/837\/revisions\/839"}],"wp:attachment":[{"href":"https:\/\/cgpro.org\/en\/wp-json\/wp\/v2\/media?parent=837"}],"curies":[{"name":"wp","href":"https:\/\/api.w.org\/{rel}","templated":true}]}}