{"id":846,"date":"2023-11-07T23:06:34","date_gmt":"2023-11-07T22:06:34","guid":{"rendered":"https:\/\/cgpro.org\/presentation\/extract-from-our-bylaws\/"},"modified":"2024-01-08T21:06:01","modified_gmt":"2024-01-08T20:06:01","slug":"extract-from-our-bylaws","status":"publish","type":"page","link":"https:\/\/cgpro.org\/en\/presentation\/extract-from-our-bylaws\/","title":{"rendered":"Extract from our bylaws"},"content":{"rendered":"\n<p class=\"has-sm-font-size\"><em>Full articles of association are available from CGP.<\/em><\/p>\n\n<div class=\"wp-block-group is-layout-constrained wp-block-group-is-layout-constrained\" style=\"padding-bottom:1rem\">\n<h2 class=\"wp-block-heading has-xl-font-size\" style=\"padding-bottom:0.5rem\"><strong>1. Members of the Chambre des G\u00e9n\u00e9alogistes Professionnels (CGP)<\/strong><\/h2>\n\n\n\n<p>The CGP is a professional association of family genealogists, probate genealogists, land genealogists, heraldists, historians and paleographers.<\/p>\n\n\n\n<p>The CGP is open to French genealogists, as well as to foreign genealogists registered as professionals in their respective countries.<\/p>\n\n\n\n<p>The aim of this Chamber is to defend the rights and interests of its members and, as a general rule, to defend the profession in dealings with the relevant authorities (archives, courts, etc.).<\/p>\n\n\n\n<p>Its aim is to strengthen the bonds of solidarity between professionals and raise public awareness of the profession.<\/p>\n<\/div>\n\n<div class=\"wp-block-group is-layout-constrained wp-block-group-is-layout-constrained\" style=\"padding-bottom:1rem\">\n<h2 class=\"wp-block-heading has-xl-font-size\" style=\"padding-bottom:1rem\"><strong>2. The code of ethics of the Chambre des G\u00e9n\u00e9alogistes Professionnels<\/strong><\/h2>\n\n\n\n<ul class=\"wp-block-list\">\n<li>CGP members undertake to respect professional secrecy<\/li>\n\n\n\n<li>They are forbidden to draw up genealogies of convenience (on pain of disbarment).<\/li>\n\n\n\n<li>They must always provide proof of their claims.<\/li>\n\n\n\n<li>They must not conceal any elements in estate devolutions.<\/li>\n\n\n\n<li>They must not engage in any misleading advertising (diplomas, titles, etc.).<\/li>\n\n\n\n<li>They are committed to constantly improving their knowledge in order to provide the best possible service.<\/li>\n<\/ul>\n<\/div>\n\n<div class=\"wp-block-group is-layout-constrained wp-block-group-is-layout-constrained\">\n<h2 class=\"wp-block-heading has-xl-font-size\" style=\"padding-bottom:1rem\"><strong>3. Customer relations<\/strong><\/h2>\n\n\n\n<ul class=\"wp-block-list\">\n<li>The genealogist studies the assignment entrusted to him\/her in the light of the information provided by the client.<\/li>\n\n\n\n<li>The genealogist will draw up an estimate detailing fees, travel, accommodation and other expenses.<\/li>\n<\/ul>\n\n\n\n<p>This quotation, signed and accepted by the customer, becomes the binding contract between the two parties. On this contract, the customer&#8217;s signature will be preceded by the words &#8220;Read and approved, good for agreement&#8221;.<\/p>\n\n\n\n<p>If the customer refuses the quotation, he won&#8217;t owe the genealogist anything.<\/p>\n\n\n\n<ul class=\"wp-block-list\">\n<li>The genealogist accepts the assignment, provided the customer has paid the advance on fees specified in the quotation.<\/li>\n<\/ul>\n\n\n\n<p>Once the work has been completed and all fees have been paid, the genealogist will provide his client with a report, even if the research is negative.<\/p>\n\n\n\n<p>In this case, the genealogist must justify his work by providing the customer with a detailed list of the documents he has consulted.<\/p>\n\n\n\n<p>Professional genealogists have an obligation of means, not of results.<\/p>\n\n\n\n<ul class=\"wp-block-list\">\n<li>The genealogist must take the time required for each case, so as to gain certainty before giving his conclusions in the report.<\/li>\n<\/ul>\n\n\n\n<p>This report will be dated, signed and certified, and will contain, as far as possible, all the elements of proof which attest to the veracity of its statements (sources&#8230;).<\/p>\n<\/div>\n","protected":false},"excerpt":{"rendered":"<p>Full articles of association are available from CGP. 1. Members of the Chambre des G\u00e9n\u00e9alogistes Professionnels (CGP) The CGP is a professional association of family genealogists, probate genealogists, land genealogists, heraldists, historians and paleographers. The CGP is open to French genealogists, as well as to foreign genealogists registered as professionals in their respective countries. The&hellip;<\/p>\n","protected":false},"author":1,"featured_media":0,"parent":831,"menu_order":0,"comment_status":"closed","ping_status":"closed","template":"","meta":{"_acf_changed":false,"inline_featured_image":false,"footnotes":""},"class_list":["post-846","page","type-page","status-publish","hentry"],"acf":[],"yoast_head":"<!-- This site is optimized with the Yoast SEO plugin v27.3 - https:\/\/yoast.com\/product\/yoast-seo-wordpress\/ -->\n<title>Extract from our bylaws - Chamber of Professional Genealogists<\/title>\n<meta name=\"description\" content=\"Extracts from the statutes of the Chambre des G\u00e9n\u00e9alogistes Professionnels. The CGP brings together family and estate genealogists.\" \/>\n<meta name=\"robots\" content=\"index, follow, max-snippet:-1, max-image-preview:large, max-video-preview:-1\" \/>\n<link rel=\"canonical\" href=\"https:\/\/cgpro.org\/en\/presentation\/extract-from-our-bylaws\/\" \/>\n<meta property=\"og:locale\" content=\"en_US\" \/>\n<meta property=\"og:type\" content=\"article\" \/>\n<meta property=\"og:title\" content=\"Extract from our bylaws - Chamber of Professional Genealogists\" \/>\n<meta property=\"og:description\" content=\"Extracts from the statutes of the Chambre des G\u00e9n\u00e9alogistes Professionnels. The CGP brings together family and estate genealogists.\" \/>\n<meta property=\"og:url\" content=\"https:\/\/cgpro.org\/en\/presentation\/extract-from-our-bylaws\/\" \/>\n<meta property=\"og:site_name\" content=\"Chamber of Professional Genealogists\" \/>\n<meta property=\"article:publisher\" content=\"https:\/\/www.facebook.com\/ChambreDesGenealogistesProfessionnels\" \/>\n<meta property=\"article:modified_time\" content=\"2024-01-08T20:06:01+00:00\" \/>\n<meta name=\"twitter:card\" content=\"summary_large_image\" \/>\n<meta name=\"twitter:site\" content=\"@ChambreGenea\" \/>\n<meta name=\"twitter:label1\" content=\"Est. reading time\" \/>\n\t<meta name=\"twitter:data1\" content=\"2 minutes\" \/>\n<script type=\"application\/ld+json\" class=\"yoast-schema-graph\">{\"@context\":\"https:\\\/\\\/schema.org\",\"@graph\":[{\"@type\":\"WebPage\",\"@id\":\"https:\\\/\\\/cgpro.org\\\/en\\\/presentation\\\/extract-from-our-bylaws\\\/\",\"url\":\"https:\\\/\\\/cgpro.org\\\/en\\\/presentation\\\/extract-from-our-bylaws\\\/\",\"name\":\"Extract from our bylaws - Chamber of Professional Genealogists\",\"isPartOf\":{\"@id\":\"https:\\\/\\\/cgpro.org\\\/en\\\/#website\"},\"datePublished\":\"2023-11-07T22:06:34+00:00\",\"dateModified\":\"2024-01-08T20:06:01+00:00\",\"description\":\"Extracts from the statutes of the Chambre des G\u00e9n\u00e9alogistes Professionnels. The CGP brings together family and estate genealogists.\",\"breadcrumb\":{\"@id\":\"https:\\\/\\\/cgpro.org\\\/en\\\/presentation\\\/extract-from-our-bylaws\\\/#breadcrumb\"},\"inLanguage\":\"en-US\",\"potentialAction\":[{\"@type\":\"ReadAction\",\"target\":[\"https:\\\/\\\/cgpro.org\\\/en\\\/presentation\\\/extract-from-our-bylaws\\\/\"]}]},{\"@type\":\"BreadcrumbList\",\"@id\":\"https:\\\/\\\/cgpro.org\\\/en\\\/presentation\\\/extract-from-our-bylaws\\\/#breadcrumb\",\"itemListElement\":[{\"@type\":\"ListItem\",\"position\":1,\"name\":\"Chambre des G\u00e9n\u00e9alogistes Professionnels - Accueil\",\"item\":\"https:\\\/\\\/cgpro.org\\\/en\\\/\"},{\"@type\":\"ListItem\",\"position\":2,\"name\":\"Presentation\",\"item\":\"https:\\\/\\\/cgpro.org\\\/en\\\/presentation\\\/\"},{\"@type\":\"ListItem\",\"position\":3,\"name\":\"By-laws\"}]},{\"@type\":\"WebSite\",\"@id\":\"https:\\\/\\\/cgpro.org\\\/en\\\/#website\",\"url\":\"https:\\\/\\\/cgpro.org\\\/en\\\/\",\"name\":\"Chamber of Professional Genealogists\",\"description\":\"Premier regroupement de g\u00e9n\u00e9alogistes europ\u00e9ens\",\"publisher\":{\"@id\":\"https:\\\/\\\/cgpro.org\\\/en\\\/#organization\"},\"alternateName\":\"CGP\",\"potentialAction\":[{\"@type\":\"SearchAction\",\"target\":{\"@type\":\"EntryPoint\",\"urlTemplate\":\"https:\\\/\\\/cgpro.org\\\/en\\\/?s={search_term_string}\"},\"query-input\":{\"@type\":\"PropertyValueSpecification\",\"valueRequired\":true,\"valueName\":\"search_term_string\"}}],\"inLanguage\":\"en-US\"},{\"@type\":\"Organization\",\"@id\":\"https:\\\/\\\/cgpro.org\\\/en\\\/#organization\",\"name\":\"Chambre des G\u00e9n\u00e9alogistes Professionnels\",\"alternateName\":\"CGP\",\"url\":\"https:\\\/\\\/cgpro.org\\\/en\\\/\",\"logo\":{\"@type\":\"ImageObject\",\"inLanguage\":\"en-US\",\"@id\":\"https:\\\/\\\/cgpro.org\\\/en\\\/#\\\/schema\\\/logo\\\/image\\\/\",\"url\":\"https:\\\/\\\/cgpro.org\\\/app\\\/uploads\\\/2023\\\/11\\\/logo-cgp.svg\",\"contentUrl\":\"https:\\\/\\\/cgpro.org\\\/app\\\/uploads\\\/2023\\\/11\\\/logo-cgp.svg\",\"caption\":\"Chambre des G\u00e9n\u00e9alogistes Professionnels\"},\"image\":{\"@id\":\"https:\\\/\\\/cgpro.org\\\/en\\\/#\\\/schema\\\/logo\\\/image\\\/\"},\"sameAs\":[\"https:\\\/\\\/www.facebook.com\\\/ChambreDesGenealogistesProfessionnels\",\"https:\\\/\\\/x.com\\\/ChambreGenea\"]}]}<\/script>\n<!-- \/ Yoast SEO plugin. -->","yoast_head_json":{"title":"Extract from our bylaws - Chamber of Professional Genealogists","description":"Extracts from the statutes of the Chambre des G\u00e9n\u00e9alogistes Professionnels. The CGP brings together family and estate genealogists.","robots":{"index":"index","follow":"follow","max-snippet":"max-snippet:-1","max-image-preview":"max-image-preview:large","max-video-preview":"max-video-preview:-1"},"canonical":"https:\/\/cgpro.org\/en\/presentation\/extract-from-our-bylaws\/","og_locale":"en_US","og_type":"article","og_title":"Extract from our bylaws - Chamber of Professional Genealogists","og_description":"Extracts from the statutes of the Chambre des G\u00e9n\u00e9alogistes Professionnels. The CGP brings together family and estate genealogists.","og_url":"https:\/\/cgpro.org\/en\/presentation\/extract-from-our-bylaws\/","og_site_name":"Chamber of Professional Genealogists","article_publisher":"https:\/\/www.facebook.com\/ChambreDesGenealogistesProfessionnels","article_modified_time":"2024-01-08T20:06:01+00:00","twitter_card":"summary_large_image","twitter_site":"@ChambreGenea","twitter_misc":{"Est. reading time":"2 minutes"},"schema":{"@context":"https:\/\/schema.org","@graph":[{"@type":"WebPage","@id":"https:\/\/cgpro.org\/en\/presentation\/extract-from-our-bylaws\/","url":"https:\/\/cgpro.org\/en\/presentation\/extract-from-our-bylaws\/","name":"Extract from our bylaws - Chamber of Professional Genealogists","isPartOf":{"@id":"https:\/\/cgpro.org\/en\/#website"},"datePublished":"2023-11-07T22:06:34+00:00","dateModified":"2024-01-08T20:06:01+00:00","description":"Extracts from the statutes of the Chambre des G\u00e9n\u00e9alogistes Professionnels. The CGP brings together family and estate genealogists.","breadcrumb":{"@id":"https:\/\/cgpro.org\/en\/presentation\/extract-from-our-bylaws\/#breadcrumb"},"inLanguage":"en-US","potentialAction":[{"@type":"ReadAction","target":["https:\/\/cgpro.org\/en\/presentation\/extract-from-our-bylaws\/"]}]},{"@type":"BreadcrumbList","@id":"https:\/\/cgpro.org\/en\/presentation\/extract-from-our-bylaws\/#breadcrumb","itemListElement":[{"@type":"ListItem","position":1,"name":"Chambre des G\u00e9n\u00e9alogistes Professionnels - Accueil","item":"https:\/\/cgpro.org\/en\/"},{"@type":"ListItem","position":2,"name":"Presentation","item":"https:\/\/cgpro.org\/en\/presentation\/"},{"@type":"ListItem","position":3,"name":"By-laws"}]},{"@type":"WebSite","@id":"https:\/\/cgpro.org\/en\/#website","url":"https:\/\/cgpro.org\/en\/","name":"Chamber of Professional Genealogists","description":"Premier regroupement de g\u00e9n\u00e9alogistes europ\u00e9ens","publisher":{"@id":"https:\/\/cgpro.org\/en\/#organization"},"alternateName":"CGP","potentialAction":[{"@type":"SearchAction","target":{"@type":"EntryPoint","urlTemplate":"https:\/\/cgpro.org\/en\/?s={search_term_string}"},"query-input":{"@type":"PropertyValueSpecification","valueRequired":true,"valueName":"search_term_string"}}],"inLanguage":"en-US"},{"@type":"Organization","@id":"https:\/\/cgpro.org\/en\/#organization","name":"Chambre des G\u00e9n\u00e9alogistes Professionnels","alternateName":"CGP","url":"https:\/\/cgpro.org\/en\/","logo":{"@type":"ImageObject","inLanguage":"en-US","@id":"https:\/\/cgpro.org\/en\/#\/schema\/logo\/image\/","url":"https:\/\/cgpro.org\/app\/uploads\/2023\/11\/logo-cgp.svg","contentUrl":"https:\/\/cgpro.org\/app\/uploads\/2023\/11\/logo-cgp.svg","caption":"Chambre des G\u00e9n\u00e9alogistes Professionnels"},"image":{"@id":"https:\/\/cgpro.org\/en\/#\/schema\/logo\/image\/"},"sameAs":["https:\/\/www.facebook.com\/ChambreDesGenealogistesProfessionnels","https:\/\/x.com\/ChambreGenea"]}]}},"_links":{"self":[{"href":"https:\/\/cgpro.org\/en\/wp-json\/wp\/v2\/pages\/846","targetHints":{"allow":["GET"]}}],"collection":[{"href":"https:\/\/cgpro.org\/en\/wp-json\/wp\/v2\/pages"}],"about":[{"href":"https:\/\/cgpro.org\/en\/wp-json\/wp\/v2\/types\/page"}],"author":[{"embeddable":true,"href":"https:\/\/cgpro.org\/en\/wp-json\/wp\/v2\/users\/1"}],"replies":[{"embeddable":true,"href":"https:\/\/cgpro.org\/en\/wp-json\/wp\/v2\/comments?post=846"}],"version-history":[{"count":1,"href":"https:\/\/cgpro.org\/en\/wp-json\/wp\/v2\/pages\/846\/revisions"}],"predecessor-version":[{"id":847,"href":"https:\/\/cgpro.org\/en\/wp-json\/wp\/v2\/pages\/846\/revisions\/847"}],"up":[{"embeddable":true,"href":"https:\/\/cgpro.org\/en\/wp-json\/wp\/v2\/pages\/831"}],"wp:attachment":[{"href":"https:\/\/cgpro.org\/en\/wp-json\/wp\/v2\/media?parent=846"}],"curies":[{"name":"wp","href":"https:\/\/api.w.org\/{rel}","templated":true}]}}