{"id":848,"date":"2023-11-07T22:49:04","date_gmt":"2023-11-07T21:49:04","guid":{"rendered":"https:\/\/cgpro.org\/presentation\/registration-and-board-of-directors\/"},"modified":"2024-01-08T21:06:01","modified_gmt":"2024-01-08T20:06:01","slug":"registration-and-board-of-directors","status":"publish","type":"page","link":"https:\/\/cgpro.org\/en\/presentation\/registration-and-board-of-directors\/","title":{"rendered":"Registration and Board of Directors"},"content":{"rendered":"\n<p>REGISTRATION BY PARIS CITY HALL IN THE DEPARTMENTAL REGISTER UNDER NO. 19680 OF MAY 29, 2001<\/p>\n\n<p><strong>Honorary member:<\/strong> Michelle CASTEX (1941 &#8211; 2004)<\/p>\n\n<p class=\"has-text-align-center\"><strong>Board of Directors 2023<\/strong><\/p>\n\n<div id=\"administration\" class=\"wp-block-group is-layout-constrained wp-block-group-is-layout-constrained\">\n<div class=\"wp-block-columns are-vertically-aligned-center is-layout-flex wp-container-core-columns-is-layout-9d6595d7 wp-block-columns-is-layout-flex\">\n<div class=\"wp-block-column is-vertically-aligned-center is-layout-flow wp-block-column-is-layout-flow\">\n<h2 class=\"wp-block-heading has-text-align-center has-lightblue-color has-text-color has-link-color wp-elements-655d707dd5abafdc7d7269852f5eafbd\"><strong>CHAIRMAN<\/strong><\/h2>\n\n\n\n<p class=\"has-text-align-center\">Jean-Luc BOIDE<\/p>\n<\/div>\n<\/div>\n\n\n\n<div class=\"wp-block-columns are-vertically-aligned-center is-layout-flex wp-container-core-columns-is-layout-9d6595d7 wp-block-columns-is-layout-flex\">\n<div class=\"wp-block-column is-vertically-aligned-center is-layout-flow wp-block-column-is-layout-flow\">\n<h2 class=\"wp-block-heading has-text-align-center has-lightblue-color has-text-color has-link-color wp-elements-fe515b68ae2363aef1ba29cda6b59146\"><strong>FAMILY VICE-PRESIDENT<\/strong><\/h2>\n\n\n\n<p class=\"has-text-align-center\">Muri\u00e8le OCHOA-GADAUT<\/p>\n<\/div>\n\n\n\n<div class=\"wp-block-column is-vertically-aligned-center is-layout-flow wp-block-column-is-layout-flow\">\n<h2 class=\"wp-block-heading has-text-align-center has-lightblue-color has-text-color has-link-color wp-elements-b995082475c95c62cef7f79514662acf\"><strong>ESTATE VICE-PRESIDENT<\/strong><\/h2>\n\n\n\n<p class=\"has-text-align-center\">Aymeric TRIOMPHE<\/p>\n<\/div>\n<\/div>\n\n\n\n<div class=\"wp-block-columns are-vertically-aligned-center is-layout-flex wp-container-core-columns-is-layout-9d6595d7 wp-block-columns-is-layout-flex\">\n<div class=\"wp-block-column is-vertically-aligned-center is-layout-flow wp-block-column-is-layout-flow\">\n<h2 class=\"wp-block-heading has-text-align-center has-lightblue-color has-text-color has-link-color wp-elements-e382a3d710c42e4af5d5b470b2610212\"><strong>TREASURER<\/strong><\/h2>\n\n\n\n<p class=\"has-text-align-center\">Jean-No\u00ebl VEDERE<\/p>\n<\/div>\n\n\n\n<div class=\"wp-block-column is-vertically-aligned-center is-layout-flow wp-block-column-is-layout-flow\">\n<h2 class=\"wp-block-heading has-text-align-center has-lightblue-color has-text-color has-link-color wp-elements-ca0ef170fddced33018f995cdc041d70\"><strong>ASSISTANT TREASURER<\/strong><\/h2>\n\n\n\n<p class=\"has-text-align-center\">Vianney PARIS<\/p>\n<\/div>\n\n\n\n<div class=\"wp-block-column is-vertically-aligned-center is-layout-flow wp-block-column-is-layout-flow\">\n<h2 class=\"wp-block-heading has-text-align-center has-lightblue-color has-text-color has-link-color wp-elements-a42abc706622e71f417c4699856594b5\"><strong>SECRETARY<\/strong><\/h2>\n\n\n\n<p class=\"has-text-align-center\">Denis SCHRAPFF<\/p>\n<\/div>\n\n\n\n<div class=\"wp-block-column is-vertically-aligned-center is-layout-flow wp-block-column-is-layout-flow\">\n<h2 class=\"wp-block-heading has-text-align-center has-lightblue-color has-text-color has-link-color wp-elements-5f8ad4374cdcdc473f46174edd705065\"><strong>ASSISTANT SECRETARY<\/strong><\/h2>\n\n\n\n<p class=\"has-text-align-center\">Annie WATTIER<\/p>\n<\/div>\n<\/div>\n\n\n\n<div class=\"wp-block-columns are-vertically-aligned-center is-layout-flex wp-container-core-columns-is-layout-9d6595d7 wp-block-columns-is-layout-flex\">\n<div class=\"wp-block-column is-vertically-aligned-center is-layout-flow wp-block-column-is-layout-flow\">\n<h2 class=\"wp-block-heading has-text-align-center has-lightblue-color has-text-color has-link-color wp-elements-73859f337dc1a17926ae46aede1af3ba\"><strong>OTHER DIRECTORS<\/strong><\/h2>\n\n\n\n<p class=\"has-text-align-center\">William BROUSSEAU<br\/>C\u00e9dric DOLAIN<br\/>C\u00e9dric PICARD<br\/>Enry LONY<br\/>Val\u00e8re KALETKA<\/p>\n<\/div>\n<\/div>\n<\/div>\n","protected":false},"excerpt":{"rendered":"<p>REGISTRATION BY PARIS CITY HALL IN THE DEPARTMENTAL REGISTER UNDER NO. 19680 OF MAY 29, 2001 Honorary member: Michelle CASTEX (1941 &#8211; 2004) Board of Directors 2023 CHAIRMAN Jean-Luc BOIDE FAMILY VICE-PRESIDENT Muri\u00e8le OCHOA-GADAUT ESTATE VICE-PRESIDENT Aymeric TRIOMPHE TREASURER Jean-No\u00ebl VEDERE ASSISTANT TREASURER Vianney PARIS SECRETARY Denis SCHRAPFF ASSISTANT SECRETARY Annie WATTIER OTHER DIRECTORS William&hellip;<\/p>\n","protected":false},"author":1,"featured_media":0,"parent":831,"menu_order":0,"comment_status":"closed","ping_status":"closed","template":"","meta":{"_acf_changed":false,"inline_featured_image":false,"footnotes":""},"class_list":["post-848","page","type-page","status-publish","hentry"],"acf":[],"yoast_head":"<!-- This site is optimized with the Yoast SEO plugin v27.3 - https:\/\/yoast.com\/product\/yoast-seo-wordpress\/ -->\n<title>Registration and Board of Directors - Chamber of Professional Genealogists<\/title>\n<meta name=\"description\" content=\"Registration and elected board of directors in 2020 of the Chambre des G\u00e9n\u00e9alogistes Professionnels (CGP).\" \/>\n<meta name=\"robots\" content=\"index, follow, max-snippet:-1, max-image-preview:large, max-video-preview:-1\" \/>\n<link rel=\"canonical\" href=\"https:\/\/cgpro.org\/en\/presentation\/registration-and-board-of-directors\/\" \/>\n<meta property=\"og:locale\" content=\"en_US\" \/>\n<meta property=\"og:type\" content=\"article\" \/>\n<meta property=\"og:title\" content=\"Registration and Board of Directors - Chamber of Professional Genealogists\" \/>\n<meta property=\"og:description\" content=\"Registration and elected board of directors in 2020 of the Chambre des G\u00e9n\u00e9alogistes Professionnels (CGP).\" \/>\n<meta property=\"og:url\" content=\"https:\/\/cgpro.org\/en\/presentation\/registration-and-board-of-directors\/\" \/>\n<meta property=\"og:site_name\" content=\"Chamber of Professional Genealogists\" \/>\n<meta property=\"article:publisher\" content=\"https:\/\/www.facebook.com\/ChambreDesGenealogistesProfessionnels\" \/>\n<meta property=\"article:modified_time\" content=\"2024-01-08T20:06:01+00:00\" \/>\n<meta name=\"twitter:card\" content=\"summary_large_image\" \/>\n<meta name=\"twitter:site\" content=\"@ChambreGenea\" \/>\n<script type=\"application\/ld+json\" class=\"yoast-schema-graph\">{\"@context\":\"https:\\\/\\\/schema.org\",\"@graph\":[{\"@type\":\"WebPage\",\"@id\":\"https:\\\/\\\/cgpro.org\\\/en\\\/presentation\\\/registration-and-board-of-directors\\\/\",\"url\":\"https:\\\/\\\/cgpro.org\\\/en\\\/presentation\\\/registration-and-board-of-directors\\\/\",\"name\":\"Registration and Board of Directors - Chamber of Professional Genealogists\",\"isPartOf\":{\"@id\":\"https:\\\/\\\/cgpro.org\\\/en\\\/#website\"},\"datePublished\":\"2023-11-07T21:49:04+00:00\",\"dateModified\":\"2024-01-08T20:06:01+00:00\",\"description\":\"Registration and elected board of directors in 2020 of the Chambre des G\u00e9n\u00e9alogistes Professionnels (CGP).\",\"breadcrumb\":{\"@id\":\"https:\\\/\\\/cgpro.org\\\/en\\\/presentation\\\/registration-and-board-of-directors\\\/#breadcrumb\"},\"inLanguage\":\"en-US\",\"potentialAction\":[{\"@type\":\"ReadAction\",\"target\":[\"https:\\\/\\\/cgpro.org\\\/en\\\/presentation\\\/registration-and-board-of-directors\\\/\"]}]},{\"@type\":\"BreadcrumbList\",\"@id\":\"https:\\\/\\\/cgpro.org\\\/en\\\/presentation\\\/registration-and-board-of-directors\\\/#breadcrumb\",\"itemListElement\":[{\"@type\":\"ListItem\",\"position\":1,\"name\":\"Chambre des G\u00e9n\u00e9alogistes Professionnels - Accueil\",\"item\":\"https:\\\/\\\/cgpro.org\\\/en\\\/\"},{\"@type\":\"ListItem\",\"position\":2,\"name\":\"Presentation\",\"item\":\"https:\\\/\\\/cgpro.org\\\/en\\\/presentation\\\/\"},{\"@type\":\"ListItem\",\"position\":3,\"name\":\"Board of Directors\"}]},{\"@type\":\"WebSite\",\"@id\":\"https:\\\/\\\/cgpro.org\\\/en\\\/#website\",\"url\":\"https:\\\/\\\/cgpro.org\\\/en\\\/\",\"name\":\"Chamber of Professional Genealogists\",\"description\":\"Premier regroupement de g\u00e9n\u00e9alogistes europ\u00e9ens\",\"publisher\":{\"@id\":\"https:\\\/\\\/cgpro.org\\\/en\\\/#organization\"},\"alternateName\":\"CGP\",\"potentialAction\":[{\"@type\":\"SearchAction\",\"target\":{\"@type\":\"EntryPoint\",\"urlTemplate\":\"https:\\\/\\\/cgpro.org\\\/en\\\/?s={search_term_string}\"},\"query-input\":{\"@type\":\"PropertyValueSpecification\",\"valueRequired\":true,\"valueName\":\"search_term_string\"}}],\"inLanguage\":\"en-US\"},{\"@type\":\"Organization\",\"@id\":\"https:\\\/\\\/cgpro.org\\\/en\\\/#organization\",\"name\":\"Chambre des G\u00e9n\u00e9alogistes Professionnels\",\"alternateName\":\"CGP\",\"url\":\"https:\\\/\\\/cgpro.org\\\/en\\\/\",\"logo\":{\"@type\":\"ImageObject\",\"inLanguage\":\"en-US\",\"@id\":\"https:\\\/\\\/cgpro.org\\\/en\\\/#\\\/schema\\\/logo\\\/image\\\/\",\"url\":\"https:\\\/\\\/cgpro.org\\\/app\\\/uploads\\\/2023\\\/11\\\/logo-cgp.svg\",\"contentUrl\":\"https:\\\/\\\/cgpro.org\\\/app\\\/uploads\\\/2023\\\/11\\\/logo-cgp.svg\",\"caption\":\"Chambre des G\u00e9n\u00e9alogistes Professionnels\"},\"image\":{\"@id\":\"https:\\\/\\\/cgpro.org\\\/en\\\/#\\\/schema\\\/logo\\\/image\\\/\"},\"sameAs\":[\"https:\\\/\\\/www.facebook.com\\\/ChambreDesGenealogistesProfessionnels\",\"https:\\\/\\\/x.com\\\/ChambreGenea\"]}]}<\/script>\n<!-- \/ Yoast SEO plugin. -->","yoast_head_json":{"title":"Registration and Board of Directors - Chamber of Professional Genealogists","description":"Registration and elected board of directors in 2020 of the Chambre des G\u00e9n\u00e9alogistes Professionnels (CGP).","robots":{"index":"index","follow":"follow","max-snippet":"max-snippet:-1","max-image-preview":"max-image-preview:large","max-video-preview":"max-video-preview:-1"},"canonical":"https:\/\/cgpro.org\/en\/presentation\/registration-and-board-of-directors\/","og_locale":"en_US","og_type":"article","og_title":"Registration and Board of Directors - Chamber of Professional Genealogists","og_description":"Registration and elected board of directors in 2020 of the Chambre des G\u00e9n\u00e9alogistes Professionnels (CGP).","og_url":"https:\/\/cgpro.org\/en\/presentation\/registration-and-board-of-directors\/","og_site_name":"Chamber of Professional Genealogists","article_publisher":"https:\/\/www.facebook.com\/ChambreDesGenealogistesProfessionnels","article_modified_time":"2024-01-08T20:06:01+00:00","twitter_card":"summary_large_image","twitter_site":"@ChambreGenea","schema":{"@context":"https:\/\/schema.org","@graph":[{"@type":"WebPage","@id":"https:\/\/cgpro.org\/en\/presentation\/registration-and-board-of-directors\/","url":"https:\/\/cgpro.org\/en\/presentation\/registration-and-board-of-directors\/","name":"Registration and Board of Directors - Chamber of Professional Genealogists","isPartOf":{"@id":"https:\/\/cgpro.org\/en\/#website"},"datePublished":"2023-11-07T21:49:04+00:00","dateModified":"2024-01-08T20:06:01+00:00","description":"Registration and elected board of directors in 2020 of the Chambre des G\u00e9n\u00e9alogistes Professionnels (CGP).","breadcrumb":{"@id":"https:\/\/cgpro.org\/en\/presentation\/registration-and-board-of-directors\/#breadcrumb"},"inLanguage":"en-US","potentialAction":[{"@type":"ReadAction","target":["https:\/\/cgpro.org\/en\/presentation\/registration-and-board-of-directors\/"]}]},{"@type":"BreadcrumbList","@id":"https:\/\/cgpro.org\/en\/presentation\/registration-and-board-of-directors\/#breadcrumb","itemListElement":[{"@type":"ListItem","position":1,"name":"Chambre des G\u00e9n\u00e9alogistes Professionnels - Accueil","item":"https:\/\/cgpro.org\/en\/"},{"@type":"ListItem","position":2,"name":"Presentation","item":"https:\/\/cgpro.org\/en\/presentation\/"},{"@type":"ListItem","position":3,"name":"Board of Directors"}]},{"@type":"WebSite","@id":"https:\/\/cgpro.org\/en\/#website","url":"https:\/\/cgpro.org\/en\/","name":"Chamber of Professional Genealogists","description":"Premier regroupement de g\u00e9n\u00e9alogistes europ\u00e9ens","publisher":{"@id":"https:\/\/cgpro.org\/en\/#organization"},"alternateName":"CGP","potentialAction":[{"@type":"SearchAction","target":{"@type":"EntryPoint","urlTemplate":"https:\/\/cgpro.org\/en\/?s={search_term_string}"},"query-input":{"@type":"PropertyValueSpecification","valueRequired":true,"valueName":"search_term_string"}}],"inLanguage":"en-US"},{"@type":"Organization","@id":"https:\/\/cgpro.org\/en\/#organization","name":"Chambre des G\u00e9n\u00e9alogistes Professionnels","alternateName":"CGP","url":"https:\/\/cgpro.org\/en\/","logo":{"@type":"ImageObject","inLanguage":"en-US","@id":"https:\/\/cgpro.org\/en\/#\/schema\/logo\/image\/","url":"https:\/\/cgpro.org\/app\/uploads\/2023\/11\/logo-cgp.svg","contentUrl":"https:\/\/cgpro.org\/app\/uploads\/2023\/11\/logo-cgp.svg","caption":"Chambre des G\u00e9n\u00e9alogistes Professionnels"},"image":{"@id":"https:\/\/cgpro.org\/en\/#\/schema\/logo\/image\/"},"sameAs":["https:\/\/www.facebook.com\/ChambreDesGenealogistesProfessionnels","https:\/\/x.com\/ChambreGenea"]}]}},"_links":{"self":[{"href":"https:\/\/cgpro.org\/en\/wp-json\/wp\/v2\/pages\/848","targetHints":{"allow":["GET"]}}],"collection":[{"href":"https:\/\/cgpro.org\/en\/wp-json\/wp\/v2\/pages"}],"about":[{"href":"https:\/\/cgpro.org\/en\/wp-json\/wp\/v2\/types\/page"}],"author":[{"embeddable":true,"href":"https:\/\/cgpro.org\/en\/wp-json\/wp\/v2\/users\/1"}],"replies":[{"embeddable":true,"href":"https:\/\/cgpro.org\/en\/wp-json\/wp\/v2\/comments?post=848"}],"version-history":[{"count":1,"href":"https:\/\/cgpro.org\/en\/wp-json\/wp\/v2\/pages\/848\/revisions"}],"predecessor-version":[{"id":849,"href":"https:\/\/cgpro.org\/en\/wp-json\/wp\/v2\/pages\/848\/revisions\/849"}],"up":[{"embeddable":true,"href":"https:\/\/cgpro.org\/en\/wp-json\/wp\/v2\/pages\/831"}],"wp:attachment":[{"href":"https:\/\/cgpro.org\/en\/wp-json\/wp\/v2\/media?parent=848"}],"curies":[{"name":"wp","href":"https:\/\/api.w.org\/{rel}","templated":true}]}}